{"id":2198,"date":"2023-06-29T19:06:25","date_gmt":"2023-06-29T19:06:25","guid":{"rendered":"https:\/\/metofam.com\/producto\/minactil\/"},"modified":"2026-04-16T17:02:48","modified_gmt":"2026-04-16T15:02:48","slug":"minactil","status":"publish","type":"product","link":"https:\/\/metofam.com\/en\/paraprobiotico\/minactil\/","title":{"rendered":"MINACTIL"},"content":{"rendered":"<p><img loading=\"lazy\" decoding=\"async\" class=\"alignnone wp-image-8170\" style=\"font-weight: inherit;\" title=\"Apto para dietas veganas\" src=\"https:\/\/metofam.com\/wp-content\/uploads\/2025\/10\/3.png\" alt=\"\" width=\"30\" height=\"30\" srcset=\"https:\/\/metofam.com\/wp-content\/uploads\/2025\/10\/3.png 100w, https:\/\/metofam.com\/wp-content\/uploads\/2025\/10\/3-12x12.png 12w\" sizes=\"auto, (max-width: 30px) 100vw, 30px\" \/> \u00a0<img loading=\"lazy\" decoding=\"async\" class=\"alignnone wp-image-8173\" style=\"font-weight: inherit;\" title=\"Apto para dietas bajas en FODMAPs\" src=\"https:\/\/metofam.com\/wp-content\/uploads\/2025\/10\/6.png\" alt=\"\" width=\"30\" height=\"30\" srcset=\"https:\/\/metofam.com\/wp-content\/uploads\/2025\/10\/6.png 100w, https:\/\/metofam.com\/wp-content\/uploads\/2025\/10\/6-12x12.png 12w\" sizes=\"auto, (max-width: 30px) 100vw, 30px\" \/> \u00a0<img loading=\"lazy\" decoding=\"async\" class=\"alignnone wp-image-8169\" style=\"font-style: inherit; font-weight: inherit;\" title=\"Sin gluten\" src=\"https:\/\/metofam.com\/wp-content\/uploads\/2025\/10\/2.png\" alt=\"\" width=\"30\" height=\"30\" srcset=\"https:\/\/metofam.com\/wp-content\/uploads\/2025\/10\/2.png 100w, https:\/\/metofam.com\/wp-content\/uploads\/2025\/10\/2-12x12.png 12w\" sizes=\"auto, (max-width: 30px) 100vw, 30px\" \/> \u00a0<img loading=\"lazy\" decoding=\"async\" class=\"alignnone wp-image-8168\" style=\"font-style: inherit; font-weight: inherit;\" title=\"Sin l\u00e1cteos\" src=\"https:\/\/metofam.com\/wp-content\/uploads\/2025\/10\/1.png\" alt=\"\" width=\"30\" height=\"30\" srcset=\"https:\/\/metofam.com\/wp-content\/uploads\/2025\/10\/1.png 100w, https:\/\/metofam.com\/wp-content\/uploads\/2025\/10\/1-12x12.png 12w\" sizes=\"auto, (max-width: 30px) 100vw, 30px\" \/> \u00a0<img loading=\"lazy\" decoding=\"async\" class=\"alignnone wp-image-8179\" style=\"font-style: inherit; font-weight: inherit;\" title=\"Sin huevo\" src=\"https:\/\/metofam.com\/wp-content\/uploads\/2025\/10\/12.png\" alt=\"\" width=\"30\" height=\"30\" srcset=\"https:\/\/metofam.com\/wp-content\/uploads\/2025\/10\/12.png 100w, https:\/\/metofam.com\/wp-content\/uploads\/2025\/10\/12-12x12.png 12w\" sizes=\"auto, (max-width: 30px) 100vw, 30px\" \/> \u00a0<img loading=\"lazy\" decoding=\"async\" class=\"alignnone wp-image-8177\" style=\"font-style: inherit; font-weight: inherit;\" title=\"Sin pescado\" src=\"https:\/\/metofam.com\/wp-content\/uploads\/2025\/10\/10.png\" alt=\"\" width=\"30\" height=\"30\" srcset=\"https:\/\/metofam.com\/wp-content\/uploads\/2025\/10\/10.png 100w, https:\/\/metofam.com\/wp-content\/uploads\/2025\/10\/10-12x12.png 12w\" sizes=\"auto, (max-width: 30px) 100vw, 30px\" \/> \u00a0<img loading=\"lazy\" decoding=\"async\" class=\"alignnone wp-image-8178\" style=\"font-style: inherit; font-weight: inherit;\" title=\"Sin frutos secos\" src=\"https:\/\/metofam.com\/wp-content\/uploads\/2025\/10\/11.png\" alt=\"\" width=\"30\" height=\"30\" srcset=\"https:\/\/metofam.com\/wp-content\/uploads\/2025\/10\/11.png 100w, https:\/\/metofam.com\/wp-content\/uploads\/2025\/10\/11-12x12.png 12w\" sizes=\"auto, (max-width: 30px) 100vw, 30px\" \/> \u00a0<img loading=\"lazy\" decoding=\"async\" class=\"alignnone wp-image-8180\" style=\"font-style: inherit; font-weight: inherit;\" title=\"Sin soja\" src=\"https:\/\/metofam.com\/wp-content\/uploads\/2025\/10\/13.png\" alt=\"\" width=\"30\" height=\"30\" srcset=\"https:\/\/metofam.com\/wp-content\/uploads\/2025\/10\/13.png 100w, https:\/\/metofam.com\/wp-content\/uploads\/2025\/10\/13-12x12.png 12w\" sizes=\"auto, (max-width: 30px) 100vw, 30px\" \/> \u00a0<img loading=\"lazy\" decoding=\"async\" class=\"alignnone wp-image-8172\" style=\"font-style: inherit; font-weight: inherit;\" title=\"Sin edulcorantes\" src=\"https:\/\/metofam.com\/wp-content\/uploads\/2025\/10\/5.png\" alt=\"\" width=\"30\" height=\"30\" srcset=\"https:\/\/metofam.com\/wp-content\/uploads\/2025\/10\/5.png 100w, https:\/\/metofam.com\/wp-content\/uploads\/2025\/10\/5-12x12.png 12w\" sizes=\"auto, (max-width: 30px) 100vw, 30px\" \/> \u00a0<img loading=\"lazy\" decoding=\"async\" class=\"alignnone wp-image-8174\" style=\"font-style: inherit; font-weight: inherit;\" title=\"Sin aditivos artificiales\" src=\"https:\/\/metofam.com\/wp-content\/uploads\/2025\/10\/7.png\" alt=\"\" width=\"30\" height=\"30\" srcset=\"https:\/\/metofam.com\/wp-content\/uploads\/2025\/10\/7.png 100w, https:\/\/metofam.com\/wp-content\/uploads\/2025\/10\/7-12x12.png 12w\" sizes=\"auto, (max-width: 30px) 100vw, 30px\" \/> \u00a0<img loading=\"lazy\" decoding=\"async\" class=\"alignnone wp-image-8175\" style=\"font-style: inherit; font-weight: inherit;\" title=\"Sin conservantes\" src=\"https:\/\/metofam.com\/wp-content\/uploads\/2025\/10\/8.png\" alt=\"\" width=\"30\" height=\"30\" srcset=\"https:\/\/metofam.com\/wp-content\/uploads\/2025\/10\/8.png 100w, https:\/\/metofam.com\/wp-content\/uploads\/2025\/10\/8-12x12.png 12w\" sizes=\"auto, (max-width: 30px) 100vw, 30px\" \/>\u00a0 <img loading=\"lazy\" decoding=\"async\" class=\"alignnone wp-image-8176\" style=\"font-style: inherit; font-weight: inherit;\" title=\"Producto no irradiado\" src=\"https:\/\/metofam.com\/wp-content\/uploads\/2025\/10\/9.png\" alt=\"\" width=\"30\" height=\"30\" srcset=\"https:\/\/metofam.com\/wp-content\/uploads\/2025\/10\/9.png 100w, https:\/\/metofam.com\/wp-content\/uploads\/2025\/10\/9-12x12.png 12w\" sizes=\"auto, (max-width: 30px) 100vw, 30px\" \/> \u00a0<img loading=\"lazy\" decoding=\"async\" class=\"alignnone wp-image-8171\" style=\"font-style: inherit; font-weight: inherit;\" title=\"Sin organismos modificados gen\u00e9ticamente (GMO free)\" src=\"https:\/\/metofam.com\/wp-content\/uploads\/2025\/10\/4.png\" alt=\"\" width=\"30\" height=\"30\" srcset=\"https:\/\/metofam.com\/wp-content\/uploads\/2025\/10\/4.png 100w, https:\/\/metofam.com\/wp-content\/uploads\/2025\/10\/4-12x12.png 12w\" sizes=\"auto, (max-width: 30px) 100vw, 30px\" \/><span style=\"font-size: 16px;\">\u00a0<\/span><span style=\"font-size: 16px;\">\u00a0<\/span><span style=\"font-size: 16px;\">\u00a0<\/span><\/p>\n<p><strong>Ingredientes Minactil:<\/strong> <em>Lactobacillus acidophilus, Limosilactobacillus reuteri, Lactobacillus rhamnosus, Lactiplantibacillus plantarum, Lactobacillus delbrueckii subsp. bulgaricus, Lactobacillus helveticus, Lacticaseibacillus paracasei, Lacticaseibacillus casei, Ligilactobacillus salivarius, Lactobacillus crispatus, Lactobacillus gasseri, Bifidobacterium animalis subsp. lactis, Bifidobacterium bifidum, Bifidobacterium longum subsp. longum, Bifidobacterium breve, Bifidobacterium adolescentis, Bifidobacterium longum subsp. infantis<\/em>, extracto seco de micelio de <em>Ganoderma lucidum<\/em>, extracto seco de micelio de <em>Lentinula edodes<\/em> y extracto seco de <em>Agaricus subrufescens<\/em>.<\/p>\n<p><strong>Modo de empleo Minactil:\u00a0<\/strong><\/p>\n<p>1. Por sus caracter\u00edsticas de obtenci\u00f3n, es compatible con cualquier tratamiento.<br \/>\n2. La dosis media aconsejable es de 1 a 3 c\u00e1psulas al d\u00eda, pero es el profesional el que mejor puede informarle acerca de la posolog\u00eda indicada.<br \/>\n3. Tomar con agua o zumo 10 minutos antes de las comidas.<\/p>","protected":false},"excerpt":{"rendered":"<p>Minactil es un suplemento a base de paraprobi\u00f3ticos (probi\u00f3ticos tindalizados lisados) y extractos secos de hongos<\/p>\n<p><span style=\"font-size: 0.8rem;\">Disponible tambi\u00e9n en farmacia C.N. 211842.3<br \/>\n<\/span><\/p>","protected":false},"featured_media":7967,"comment_status":"open","ping_status":"closed","template":"","meta":{"_uag_custom_page_level_css":"","site-sidebar-layout":"default","site-content-layout":"default","ast-global-header-display":"","ast-banner-title-visibility":"","ast-main-header-display":"","ast-hfb-above-header-display":"","ast-hfb-below-header-display":"","ast-hfb-mobile-header-display":"","site-post-title":"","ast-breadcrumbs-content":"","ast-featured-img":"","footer-sml-layout":"","theme-transparent-header-meta":"default","adv-header-id-meta":"","stick-header-meta":"","header-above-stick-meta":"","header-main-stick-meta":"","header-below-stick-meta":""},"product_brand":[],"product_cat":[119],"product_tag":[],"class_list":{"0":"post-2198","1":"product","2":"type-product","3":"status-publish","4":"has-post-thumbnail","6":"product_cat-paraprobioticos","7":"desktop-align-center","8":"tablet-align-left","9":"mobile-align-left","11":"first","12":"instock","13":"taxable","14":"shipping-taxable","15":"purchasable","16":"product-type-simple"},"yoast_head":"<!-- This site is optimized with the Yoast SEO plugin v25.1 - https:\/\/yoast.com\/wordpress\/plugins\/seo\/ -->\n<title>MINACTIL | Paraprobi\u00f3tico | Laboratorios Metofam<\/title>\n<meta name=\"description\" content=\"MINACTIL es un paraprobi\u00f3tico de Laboratorios Metofam. P\u00e1gina informativa con datos de composici\u00f3n, formato y caracter\u00edsticas del producto.\" \/>\n<meta name=\"robots\" content=\"index, follow, max-snippet:-1, max-image-preview:large, max-video-preview:-1\" \/>\n<link rel=\"canonical\" href=\"https:\/\/metofam.com\/en\/paraprobiotico\/minactil\/\" \/>\n<meta property=\"og:locale\" content=\"en_US\" \/>\n<meta property=\"og:type\" content=\"article\" \/>\n<meta property=\"og:title\" content=\"MINACTIL | Paraprobi\u00f3tico | Laboratorios Metofam\" \/>\n<meta property=\"og:description\" content=\"MINACTIL es un paraprobi\u00f3tico de Laboratorios Metofam. P\u00e1gina informativa con datos de composici\u00f3n, formato y caracter\u00edsticas del producto.\" \/>\n<meta property=\"og:url\" content=\"https:\/\/metofam.com\/en\/paraprobiotico\/minactil\/\" \/>\n<meta property=\"og:site_name\" content=\"Laboratorios Metofam\" \/>\n<meta property=\"article:publisher\" content=\"https:\/\/www.facebook.com\/laboratoriosmetofam\/\" \/>\n<meta property=\"article:modified_time\" content=\"2026-04-16T15:02:48+00:00\" \/>\n<meta property=\"og:image\" content=\"https:\/\/metofam.com\/wp-content\/uploads\/2023\/06\/MINACTIL_1BOTEPILDORAS_75MM_TRANSPARENTE-1.png\" \/>\n\t<meta property=\"og:image:width\" content=\"1000\" \/>\n\t<meta property=\"og:image:height\" content=\"1000\" \/>\n\t<meta property=\"og:image:type\" content=\"image\/png\" \/>\n<meta name=\"twitter:card\" content=\"summary_large_image\" \/>\n<meta name=\"twitter:label1\" content=\"Est. reading time\" \/>\n\t<meta name=\"twitter:data1\" content=\"4 minutes\" \/>\n<script type=\"application\/ld+json\" class=\"yoast-schema-graph\">{\"@context\":\"https:\/\/schema.org\",\"@graph\":[{\"@type\":\"WebPage\",\"@id\":\"https:\/\/metofam.com\/paraprobiotico\/minactil\/\",\"url\":\"https:\/\/metofam.com\/paraprobiotico\/minactil\/\",\"name\":\"MINACTIL | Paraprobi\u00f3tico | Laboratorios Metofam\",\"isPartOf\":{\"@id\":\"https:\/\/metofam.com\/#website\"},\"primaryImageOfPage\":{\"@id\":\"https:\/\/metofam.com\/paraprobiotico\/minactil\/#primaryimage\"},\"image\":{\"@id\":\"https:\/\/metofam.com\/paraprobiotico\/minactil\/#primaryimage\"},\"thumbnailUrl\":\"https:\/\/metofam.com\/wp-content\/uploads\/2023\/06\/MINACTIL_1BOTEPILDORAS_75MM_TRANSPARENTE-1.png\",\"datePublished\":\"2023-06-29T19:06:25+00:00\",\"dateModified\":\"2026-04-16T15:02:48+00:00\",\"description\":\"MINACTIL es un paraprobi\u00f3tico de Laboratorios Metofam. P\u00e1gina informativa con datos de composici\u00f3n, formato y caracter\u00edsticas del producto.\",\"breadcrumb\":{\"@id\":\"https:\/\/metofam.com\/paraprobiotico\/minactil\/#breadcrumb\"},\"inLanguage\":\"en-US\",\"potentialAction\":[{\"@type\":\"ReadAction\",\"target\":[\"https:\/\/metofam.com\/paraprobiotico\/minactil\/\"]}]},{\"@type\":\"ImageObject\",\"inLanguage\":\"en-US\",\"@id\":\"https:\/\/metofam.com\/paraprobiotico\/minactil\/#primaryimage\",\"url\":\"https:\/\/metofam.com\/wp-content\/uploads\/2023\/06\/MINACTIL_1BOTEPILDORAS_75MM_TRANSPARENTE-1.png\",\"contentUrl\":\"https:\/\/metofam.com\/wp-content\/uploads\/2023\/06\/MINACTIL_1BOTEPILDORAS_75MM_TRANSPARENTE-1.png\",\"width\":1000,\"height\":1000},{\"@type\":\"BreadcrumbList\",\"@id\":\"https:\/\/metofam.com\/paraprobiotico\/minactil\/#breadcrumb\",\"itemListElement\":[{\"@type\":\"ListItem\",\"position\":1,\"name\":\"Portada\",\"item\":\"https:\/\/metofam.com\/\"},{\"@type\":\"ListItem\",\"position\":2,\"name\":\"Productos\",\"item\":\"https:\/\/metofam.com\/productos\/\"},{\"@type\":\"ListItem\",\"position\":3,\"name\":\"MINACTIL\"}]},{\"@type\":\"WebSite\",\"@id\":\"https:\/\/metofam.com\/#website\",\"url\":\"https:\/\/metofam.com\/\",\"name\":\"Laboratorios Metofam\",\"description\":\"\",\"publisher\":{\"@id\":\"https:\/\/metofam.com\/#organization\"},\"potentialAction\":[{\"@type\":\"SearchAction\",\"target\":{\"@type\":\"EntryPoint\",\"urlTemplate\":\"https:\/\/metofam.com\/?s={search_term_string}\"},\"query-input\":{\"@type\":\"PropertyValueSpecification\",\"valueRequired\":true,\"valueName\":\"search_term_string\"}}],\"inLanguage\":\"en-US\"},{\"@type\":\"Organization\",\"@id\":\"https:\/\/metofam.com\/#organization\",\"name\":\"Laboratorios Metofam\",\"url\":\"https:\/\/metofam.com\/\",\"logo\":{\"@type\":\"ImageObject\",\"inLanguage\":\"en-US\",\"@id\":\"https:\/\/metofam.com\/#\/schema\/logo\/image\/\",\"url\":\"https:\/\/metofam.com\/wp-content\/uploads\/2023\/05\/cropped-cropped-metofam-1.png\",\"contentUrl\":\"https:\/\/metofam.com\/wp-content\/uploads\/2023\/05\/cropped-cropped-metofam-1.png\",\"width\":384,\"height\":142,\"caption\":\"Laboratorios Metofam\"},\"image\":{\"@id\":\"https:\/\/metofam.com\/#\/schema\/logo\/image\/\"},\"sameAs\":[\"https:\/\/www.facebook.com\/laboratoriosmetofam\/\",\"https:\/\/www.instagram.com\/laboratoriosmetofam\/\"]}]}<\/script>\n<!-- \/ Yoast SEO plugin. -->","yoast_head_json":{"title":"MINACTIL | Paraprobi\u00f3tico | Laboratorios Metofam","description":"MINACTIL es un paraprobi\u00f3tico de Laboratorios Metofam. P\u00e1gina informativa con datos de composici\u00f3n, formato y caracter\u00edsticas del producto.","robots":{"index":"index","follow":"follow","max-snippet":"max-snippet:-1","max-image-preview":"max-image-preview:large","max-video-preview":"max-video-preview:-1"},"canonical":"https:\/\/metofam.com\/en\/paraprobiotico\/minactil\/","og_locale":"en_US","og_type":"article","og_title":"MINACTIL | Paraprobi\u00f3tico | Laboratorios Metofam","og_description":"MINACTIL es un paraprobi\u00f3tico de Laboratorios Metofam. P\u00e1gina informativa con datos de composici\u00f3n, formato y caracter\u00edsticas del producto.","og_url":"https:\/\/metofam.com\/en\/paraprobiotico\/minactil\/","og_site_name":"Laboratorios Metofam","article_publisher":"https:\/\/www.facebook.com\/laboratoriosmetofam\/","article_modified_time":"2026-04-16T15:02:48+00:00","og_image":[{"width":1000,"height":1000,"url":"https:\/\/metofam.com\/wp-content\/uploads\/2023\/06\/MINACTIL_1BOTEPILDORAS_75MM_TRANSPARENTE-1.png","type":"image\/png"}],"twitter_card":"summary_large_image","twitter_misc":{"Est. reading time":"4 minutes"},"schema":{"@context":"https:\/\/schema.org","@graph":[{"@type":"WebPage","@id":"https:\/\/metofam.com\/paraprobiotico\/minactil\/","url":"https:\/\/metofam.com\/paraprobiotico\/minactil\/","name":"MINACTIL | Paraprobi\u00f3tico | Laboratorios Metofam","isPartOf":{"@id":"https:\/\/metofam.com\/#website"},"primaryImageOfPage":{"@id":"https:\/\/metofam.com\/paraprobiotico\/minactil\/#primaryimage"},"image":{"@id":"https:\/\/metofam.com\/paraprobiotico\/minactil\/#primaryimage"},"thumbnailUrl":"https:\/\/metofam.com\/wp-content\/uploads\/2023\/06\/MINACTIL_1BOTEPILDORAS_75MM_TRANSPARENTE-1.png","datePublished":"2023-06-29T19:06:25+00:00","dateModified":"2026-04-16T15:02:48+00:00","description":"MINACTIL es un paraprobi\u00f3tico de Laboratorios Metofam. P\u00e1gina informativa con datos de composici\u00f3n, formato y caracter\u00edsticas del producto.","breadcrumb":{"@id":"https:\/\/metofam.com\/paraprobiotico\/minactil\/#breadcrumb"},"inLanguage":"en-US","potentialAction":[{"@type":"ReadAction","target":["https:\/\/metofam.com\/paraprobiotico\/minactil\/"]}]},{"@type":"ImageObject","inLanguage":"en-US","@id":"https:\/\/metofam.com\/paraprobiotico\/minactil\/#primaryimage","url":"https:\/\/metofam.com\/wp-content\/uploads\/2023\/06\/MINACTIL_1BOTEPILDORAS_75MM_TRANSPARENTE-1.png","contentUrl":"https:\/\/metofam.com\/wp-content\/uploads\/2023\/06\/MINACTIL_1BOTEPILDORAS_75MM_TRANSPARENTE-1.png","width":1000,"height":1000},{"@type":"BreadcrumbList","@id":"https:\/\/metofam.com\/paraprobiotico\/minactil\/#breadcrumb","itemListElement":[{"@type":"ListItem","position":1,"name":"Portada","item":"https:\/\/metofam.com\/"},{"@type":"ListItem","position":2,"name":"Productos","item":"https:\/\/metofam.com\/productos\/"},{"@type":"ListItem","position":3,"name":"MINACTIL"}]},{"@type":"WebSite","@id":"https:\/\/metofam.com\/#website","url":"https:\/\/metofam.com\/","name":"Laboratorios Metofam","description":"","publisher":{"@id":"https:\/\/metofam.com\/#organization"},"potentialAction":[{"@type":"SearchAction","target":{"@type":"EntryPoint","urlTemplate":"https:\/\/metofam.com\/?s={search_term_string}"},"query-input":{"@type":"PropertyValueSpecification","valueRequired":true,"valueName":"search_term_string"}}],"inLanguage":"en-US"},{"@type":"Organization","@id":"https:\/\/metofam.com\/#organization","name":"Laboratorios Metofam","url":"https:\/\/metofam.com\/","logo":{"@type":"ImageObject","inLanguage":"en-US","@id":"https:\/\/metofam.com\/#\/schema\/logo\/image\/","url":"https:\/\/metofam.com\/wp-content\/uploads\/2023\/05\/cropped-cropped-metofam-1.png","contentUrl":"https:\/\/metofam.com\/wp-content\/uploads\/2023\/05\/cropped-cropped-metofam-1.png","width":384,"height":142,"caption":"Laboratorios Metofam"},"image":{"@id":"https:\/\/metofam.com\/#\/schema\/logo\/image\/"},"sameAs":["https:\/\/www.facebook.com\/laboratoriosmetofam\/","https:\/\/www.instagram.com\/laboratoriosmetofam\/"]}]}},"uagb_featured_image_src":{"full":["https:\/\/metofam.com\/wp-content\/uploads\/2023\/06\/MINACTIL_1BOTEPILDORAS_75MM_TRANSPARENTE-1.png",1000,1000,false],"thumbnail":["https:\/\/metofam.com\/wp-content\/uploads\/2023\/06\/MINACTIL_1BOTEPILDORAS_75MM_TRANSPARENTE-1-150x150.png",150,150,true],"medium":["https:\/\/metofam.com\/wp-content\/uploads\/2023\/06\/MINACTIL_1BOTEPILDORAS_75MM_TRANSPARENTE-1-300x300.png",300,300,true],"medium_large":["https:\/\/metofam.com\/wp-content\/uploads\/2023\/06\/MINACTIL_1BOTEPILDORAS_75MM_TRANSPARENTE-1-768x768.png",768,768,true],"large":["https:\/\/metofam.com\/wp-content\/uploads\/2023\/06\/MINACTIL_1BOTEPILDORAS_75MM_TRANSPARENTE-1.png",1000,1000,false],"1536x1536":["https:\/\/metofam.com\/wp-content\/uploads\/2023\/06\/MINACTIL_1BOTEPILDORAS_75MM_TRANSPARENTE-1.png",1000,1000,false],"2048x2048":["https:\/\/metofam.com\/wp-content\/uploads\/2023\/06\/MINACTIL_1BOTEPILDORAS_75MM_TRANSPARENTE-1.png",1000,1000,false],"trp-custom-language-flag":["https:\/\/metofam.com\/wp-content\/uploads\/2023\/06\/MINACTIL_1BOTEPILDORAS_75MM_TRANSPARENTE-1-12x12.png",12,12,true],"woocommerce_thumbnail":["https:\/\/metofam.com\/wp-content\/uploads\/2023\/06\/MINACTIL_1BOTEPILDORAS_75MM_TRANSPARENTE-1.png",1000,1000,false],"woocommerce_single":["https:\/\/metofam.com\/wp-content\/uploads\/2023\/06\/MINACTIL_1BOTEPILDORAS_75MM_TRANSPARENTE-1.png",1000,1000,false],"woocommerce_gallery_thumbnail":["https:\/\/metofam.com\/wp-content\/uploads\/2023\/06\/MINACTIL_1BOTEPILDORAS_75MM_TRANSPARENTE-1-100x100.png",100,100,true]},"uagb_author_info":{"display_name":"","author_link":"https:\/\/metofam.com\/en\/author\/"},"uagb_comment_info":1,"uagb_excerpt":"Minactil es un suplemento a base de paraprobi\u00f3ticos (probi\u00f3ticos tindalizados lisados) y extractos secos de hongos Disponible tambi\u00e9n en farmacia C.N. 211842.3","_links":{"self":[{"href":"https:\/\/metofam.com\/en\/wp-json\/wp\/v2\/product\/2198","targetHints":{"allow":["GET"]}}],"collection":[{"href":"https:\/\/metofam.com\/en\/wp-json\/wp\/v2\/product"}],"about":[{"href":"https:\/\/metofam.com\/en\/wp-json\/wp\/v2\/types\/product"}],"replies":[{"embeddable":true,"href":"https:\/\/metofam.com\/en\/wp-json\/wp\/v2\/comments?post=2198"}],"version-history":[{"count":30,"href":"https:\/\/metofam.com\/en\/wp-json\/wp\/v2\/product\/2198\/revisions"}],"predecessor-version":[{"id":8630,"href":"https:\/\/metofam.com\/en\/wp-json\/wp\/v2\/product\/2198\/revisions\/8630"}],"wp:featuredmedia":[{"embeddable":true,"href":"https:\/\/metofam.com\/en\/wp-json\/wp\/v2\/media\/7967"}],"wp:attachment":[{"href":"https:\/\/metofam.com\/en\/wp-json\/wp\/v2\/media?parent=2198"}],"wp:term":[{"taxonomy":"product_brand","embeddable":true,"href":"https:\/\/metofam.com\/en\/wp-json\/wp\/v2\/product_brand?post=2198"},{"taxonomy":"product_cat","embeddable":true,"href":"https:\/\/metofam.com\/en\/wp-json\/wp\/v2\/product_cat?post=2198"},{"taxonomy":"product_tag","embeddable":true,"href":"https:\/\/metofam.com\/en\/wp-json\/wp\/v2\/product_tag?post=2198"}],"curies":[{"name":"wp","href":"https:\/\/api.w.org\/{rel}","templated":true}]}}