{"id":2921,"date":"2023-07-20T19:45:48","date_gmt":"2023-07-20T17:45:48","guid":{"rendered":"https:\/\/metofam.com\/?page_id=2921"},"modified":"2025-11-27T14:52:49","modified_gmt":"2025-11-27T12:52:49","slug":"politica-de-cookies","status":"publish","type":"page","link":"https:\/\/metofam.com\/en\/politica-de-cookies\/","title":{"rendered":"Cookie Policy"},"content":{"rendered":"<div data-elementor-type=\"wp-page\" data-elementor-id=\"2921\" class=\"elementor elementor-2921\">\n\t\t\t\t\t\t\t\t\t<section class=\"elementor-section elementor-top-section elementor-element elementor-element-67f128c elementor-section-boxed elementor-section-height-default elementor-section-height-default\" data-id=\"67f128c\" data-element_type=\"section\">\n\t\t\t\t\t\t<div class=\"elementor-container elementor-column-gap-default\">\n\t\t\t\t\t<div class=\"elementor-column elementor-col-100 elementor-top-column elementor-element elementor-element-fd56ba7\" data-id=\"fd56ba7\" data-element_type=\"column\">\n\t\t\t<div class=\"elementor-widget-wrap elementor-element-populated\">\n\t\t\t\t\t\t\t\t<div class=\"elementor-element elementor-element-0812542 elementor-widget elementor-widget-heading\" data-id=\"0812542\" data-element_type=\"widget\" data-widget_type=\"heading.default\">\n\t\t\t\t<div class=\"elementor-widget-container\">\n\t\t\t<style>\/*! elementor - v3.14.0 - 18-06-2023 *\/\n.elementor-heading-title{padding:0;margin:0;line-height:1}.elementor-widget-heading .elementor-heading-title[class*=elementor-size-]>a{color:inherit;font-size:inherit;line-height:inherit}.elementor-widget-heading .elementor-heading-title.elementor-size-small{font-size:15px}.elementor-widget-heading .elementor-heading-title.elementor-size-medium{font-size:19px}.elementor-widget-heading .elementor-heading-title.elementor-size-large{font-size:29px}.elementor-widget-heading .elementor-heading-title.elementor-size-xl{font-size:39px}.elementor-widget-heading .elementor-heading-title.elementor-size-xxl{font-size:59px}<\/style><h2 class=\"elementor-heading-title elementor-size-default\">Cookie Policy<\/h2>\t\t<\/div>\n\t\t\t\t<\/div>\n\t\t\t\t\t<\/div>\n\t\t<\/div>\n\t\t\t\t\t\t\t<\/div>\n\t\t<\/section>\n\t\t\t\t<section class=\"elementor-section elementor-top-section elementor-element elementor-element-493c17d elementor-section-boxed elementor-section-height-default elementor-section-height-default\" data-id=\"493c17d\" data-element_type=\"section\">\n\t\t\t\t\t\t<div class=\"elementor-container elementor-column-gap-default\">\n\t\t\t\t\t<div class=\"elementor-column elementor-col-100 elementor-top-column elementor-element elementor-element-da97a4d\" data-id=\"da97a4d\" data-element_type=\"column\">\n\t\t\t<div class=\"elementor-widget-wrap elementor-element-populated\">\n\t\t\t\t\t\t\t\t<div class=\"elementor-element elementor-element-04e7292 elementor-widget elementor-widget-text-editor\" data-id=\"04e7292\" data-element_type=\"widget\" data-widget_type=\"text-editor.default\">\n\t\t\t\t<div class=\"elementor-widget-container\">\n\t\t\t<style>\/*! elementor - v3.14.0 - 18-06-2023 *\/\n.elementor-widget-text-editor.elementor-drop-cap-view-stacked .elementor-drop-cap{background-color:#69727d;color:#fff}.elementor-widget-text-editor.elementor-drop-cap-view-framed .elementor-drop-cap{color:#69727d;border:3px solid;background-color:transparent}.elementor-widget-text-editor:not(.elementor-drop-cap-view-default) .elementor-drop-cap{margin-top:8px}.elementor-widget-text-editor:not(.elementor-drop-cap-view-default) .elementor-drop-cap-letter{width:1em;height:1em}.elementor-widget-text-editor .elementor-drop-cap{float:left;text-align:center;line-height:1;font-size:50px}.elementor-widget-text-editor .elementor-drop-cap-letter{display:inline-block}<\/style>\t\t\t\t<p>This Cookie Policy explains what cookies are and how we use them; the types of cookies we use, i.e., the information we collect through cookies and how that information is used; and how to control cookie preferences.<\/p><p>Para m\u00e1s informaci\u00f3n sobre c\u00f3mo utilizamos, almacenamos y mantenemos seguros tus datos personales, visitar nuestra Pol\u00edtica de Privacidad. Se puede modificar o retirar en cualquier momento el consentimiento en la Declaraci\u00f3n de cookies de nuestro sitio web.<\/p><p>The consent applies to the following domains: <a href=\"https:\/\/metofam.com\/en\/\">www.metofam.com<\/a><\/p><p><strong>What is a cookie?<\/strong><\/p><p>Una cookie es un peque\u00f1o fichero de texto que se almacena en tu navegador cuando visitas casi cualquier p\u00e1gina web. Su utilidad es que la web sea capaz de recordar tu visita cuando vuelva a navegar por esa p\u00e1gina. Las cookies suelen almacenar informaci\u00f3n de car\u00e1cter t\u00e9cnico, preferencias personales, personalizaci\u00f3n de contenidos, estad\u00edsticas de uso, enlaces a redes sociales, acceso a cuentas de usuario, etc. El objetivo de la cookie es adaptar el contenido de la web a tu perfil y necesidades.<\/p><p>Like most websites, in <a href=\"https:\/\/metofam.com\/en\/\">www.metofam.com<\/a> we use third-party cookies for a variety of purposes. Third-party cookies used on our website primarily serve to understand how the website works, how users interact with our website, keep our services secure, provide advertisements that are relevant to the user, and ultimately provide an enhanced online experience and help speed up future interactions with our website. This website uses the following third party cookies:<\/p><ul><li>Redes sociales: cada red social utiliza sus propias cookies para que puedas pinchar en botones del tipo Me gusta o Compartir.<\/li><\/ul><p><strong>Types of cookies<\/strong><\/p><ul><li><strong>Necessary: <\/strong>Necessary cookies are crucial to the basic functions of the website and the website will not function as intended without them. These cookies do not store any personally identifiable data.<\/li><li><strong>Functional:<\/strong> Functional cookies help perform certain functionalities, such as sharing website content on social media platforms, collecting feedback and other third party features.<\/li><li><strong>Analytical:\u00a0<\/strong>Analytical cookies are used to understand how visitors interact with the website. These cookies help provide information on metrics such as number of visitors, bounce rate, traffic source, etc.<\/li><li><strong>Performance:\u00a0<\/strong>Performance cookies are used to understand and analyze key performance metrics of the website, which helps provide a better user experience for visitors.<\/li><li><strong>Advertising: <\/strong>Advertising cookies are used to deliver personalized ads to visitors based on the pages they visited before and to analyze the effectiveness of the advertising campaign.<\/li><\/ul><p>The cookies used on this website are listed below:<\/p><table class=\"default\"><tbody><tr><td style=\"font-weight: bold;\">Code<\/td><td style=\"font-weight: bold;\">Type of cookie<\/td><td style=\"font-weight: bold;\">Estimated duration<\/td><td style=\"font-weight: bold;\">Description<\/td><\/tr><tr><td>_zcsr_tmp<\/td><td>Necessary.<\/td><td>During login.<\/td><td>Cookie required for the web access function.<\/td><\/tr><tr><td>cookielawinfo-checkbox-necessary<\/td><td>Necessary.<\/td><td>Session 1 day.<\/td><td>Determines whether the visitor has accepted the cookie consent box.<\/td><\/tr><tr><td>cookielawinfo-checkbox-non-necessary<\/td><td>Necessary.<\/td><td>Session 1 day.<\/td><td>Determines whether the visitor has accepted the cookie consent box.<\/td><\/tr><tr><td>test_cookie<\/td><td>Necessary.<\/td><td>1 day.<\/td><td>Used to know if the user accepts cookies.<\/td><\/tr><tr><td>_gclxxxx<\/td><td>Performance.<\/td><td>90 days.<\/td><td>Google tracking cookie.<\/td><\/tr><tr><td>_ga<\/td><td>Performance.<\/td><td>730 d\u00edas.<\/td><td>It records a unique ID that is used to generate statistical data about how the visitor uses the website.<\/td><\/tr><tr><td>utsdb<\/td><td>Performance.<\/td><td>Persistent.<\/td><td>It records data on visitor behavior on the website. This is used for internal analysis and web optimization.<\/td><\/tr><tr><td>s_vi<\/td><td>Performance.<\/td><td>729 days.<\/td><td>Cookie that identifies unique visitors to the site.<\/td><\/tr><tr><td>_fbp<\/td><td>Advertising.<\/td><td>89 days.<\/td><td>Facebook cookie that allows to embed some of its services on our website.<\/td><\/tr><\/tbody><\/table><p><strong>Configure cookie preferences:<\/strong><\/p><p>What happens if I disable cookies?<br \/>Para que entiendas el alcance que puede tener desactivar las cookies, te mostramos unos ejemplos:<br \/>&#8211; No podr\u00e1s compartir contenidos de esa web en Facebook, Twitter o cualquier otra red social.<br \/>&#8211; El sitio web no podr\u00e1 adaptar los contenidos a tus preferencias personales, como suele ocurrir en las tiendas online.<br \/>&#8211; Tiendas online: Te ser\u00e1 imposible realizar compras online, tendr\u00e1n que ser telef\u00f3nicas o visitando la tienda f\u00edsica si es que dispone de ella.<br \/>- The website will not be able to perform web analytics on visitors and web traffic, which will make it difficult for the website to be competitive.<br \/>&#8211; Todas las redes sociales usan cookies, si las desactivas no podr\u00e1s utilizar ninguna red social.<\/p><p><strong>Can cookies be deleted?<\/strong><\/p><p>Yes, not only deleting, but also blocking, in general or for a specific domain.<br \/>Para eliminar las cookies de un sitio web debes ir a la configuraci\u00f3n de tu navegador y all\u00ed podr\u00e1s buscar las asociadas al dominio en cuesti\u00f3n y proceder a su eliminaci\u00f3n.<\/p>\t\t\t\t\t\t<\/div>\n\t\t\t\t<\/div>\n\t\t\t\t\t<\/div>\n\t\t<\/div>\n\t\t\t\t\t\t\t<\/div>\n\t\t<\/section>\n\t\t\t\t\t\t\t<\/div>","protected":false},"excerpt":{"rendered":"<p>Pol\u00edtica de cookies Esta Pol\u00edtica de Cookies explica qu\u00e9 son las cookies y c\u00f3mo las utilizamos; los tipos de cookies que utilizamos, es decir, la informaci\u00f3n que recopilamos mediante las cookies y c\u00f3mo se utiliza esa informaci\u00f3n; y c\u00f3mo controlar las preferencias de las cookies. Para m\u00e1s informaci\u00f3n sobre c\u00f3mo utilizamos, almacenamos y mantenemos seguros &hellip;<\/p>\n<p class=\"read-more\"> <a class=\"\" href=\"https:\/\/metofam.com\/en\/politica-de-cookies\/\"> <span class=\"screen-reader-text\">Cookie Policy<\/span> Read More &raquo;<\/a><\/p>","protected":false},"author":1,"featured_media":0,"parent":0,"menu_order":0,"comment_status":"closed","ping_status":"closed","template":"","meta":{"_uag_custom_page_level_css":"","site-sidebar-layout":"no-sidebar","site-content-layout":"page-builder","ast-global-header-display":"","ast-banner-title-visibility":"","ast-main-header-display":"","ast-hfb-above-header-display":"","ast-hfb-below-header-display":"","ast-hfb-mobile-header-display":"","site-post-title":"disabled","ast-breadcrumbs-content":"","ast-featured-img":"disabled","footer-sml-layout":"","theme-transparent-header-meta":"","adv-header-id-meta":"","stick-header-meta":"","header-above-stick-meta":"","header-main-stick-meta":"","header-below-stick-meta":"","footnotes":""},"class_list":["post-2921","page","type-page","status-publish","hentry"],"yoast_head":"<!-- This site is optimized with the Yoast SEO plugin v25.1 - https:\/\/yoast.com\/wordpress\/plugins\/seo\/ -->\n<title>Pol\u00edtica de cookies - Laboratorios Metofam<\/title>\n<meta name=\"description\" content=\"\u00a1Descubre el poder de la salud con los paraprobi\u00f3ticos de Laboratorios Metofam, la clave del bienestar integral!\" \/>\n<meta name=\"robots\" content=\"index, follow, max-snippet:-1, max-image-preview:large, max-video-preview:-1\" \/>\n<link rel=\"canonical\" href=\"https:\/\/metofam.com\/en\/politica-de-cookies\/\" \/>\n<meta property=\"og:locale\" content=\"en_US\" \/>\n<meta property=\"og:type\" content=\"article\" \/>\n<meta property=\"og:title\" content=\"Pol\u00edtica de cookies - Laboratorios Metofam\" \/>\n<meta property=\"og:description\" content=\"\u00a1Descubre el poder de la salud con los paraprobi\u00f3ticos de Laboratorios Metofam, la clave del bienestar integral!\" \/>\n<meta property=\"og:url\" content=\"https:\/\/metofam.com\/en\/politica-de-cookies\/\" \/>\n<meta property=\"og:site_name\" content=\"Laboratorios Metofam\" \/>\n<meta property=\"article:publisher\" content=\"https:\/\/www.facebook.com\/laboratoriosmetofam\/\" \/>\n<meta property=\"article:modified_time\" content=\"2025-11-27T12:52:49+00:00\" \/>\n<meta name=\"twitter:card\" content=\"summary_large_image\" \/>\n<meta name=\"twitter:label1\" content=\"Est. reading time\" \/>\n\t<meta name=\"twitter:data1\" content=\"4 minutes\" \/>\n<script type=\"application\/ld+json\" class=\"yoast-schema-graph\">{\"@context\":\"https:\/\/schema.org\",\"@graph\":[{\"@type\":\"WebPage\",\"@id\":\"https:\/\/metofam.com\/politica-de-cookies\/\",\"url\":\"https:\/\/metofam.com\/politica-de-cookies\/\",\"name\":\"Pol\u00edtica de cookies - Laboratorios Metofam\",\"isPartOf\":{\"@id\":\"https:\/\/metofam.com\/#website\"},\"datePublished\":\"2023-07-20T17:45:48+00:00\",\"dateModified\":\"2025-11-27T12:52:49+00:00\",\"description\":\"\u00a1Descubre el poder de la salud con los paraprobi\u00f3ticos de Laboratorios Metofam, la clave del bienestar integral!\",\"breadcrumb\":{\"@id\":\"https:\/\/metofam.com\/politica-de-cookies\/#breadcrumb\"},\"inLanguage\":\"en-US\",\"potentialAction\":[{\"@type\":\"ReadAction\",\"target\":[\"https:\/\/metofam.com\/politica-de-cookies\/\"]}]},{\"@type\":\"BreadcrumbList\",\"@id\":\"https:\/\/metofam.com\/politica-de-cookies\/#breadcrumb\",\"itemListElement\":[{\"@type\":\"ListItem\",\"position\":1,\"name\":\"Portada\",\"item\":\"https:\/\/metofam.com\/\"},{\"@type\":\"ListItem\",\"position\":2,\"name\":\"Pol\u00edtica de cookies\"}]},{\"@type\":\"WebSite\",\"@id\":\"https:\/\/metofam.com\/#website\",\"url\":\"https:\/\/metofam.com\/\",\"name\":\"Laboratorios Metofam\",\"description\":\"\",\"publisher\":{\"@id\":\"https:\/\/metofam.com\/#organization\"},\"potentialAction\":[{\"@type\":\"SearchAction\",\"target\":{\"@type\":\"EntryPoint\",\"urlTemplate\":\"https:\/\/metofam.com\/?s={search_term_string}\"},\"query-input\":{\"@type\":\"PropertyValueSpecification\",\"valueRequired\":true,\"valueName\":\"search_term_string\"}}],\"inLanguage\":\"en-US\"},{\"@type\":\"Organization\",\"@id\":\"https:\/\/metofam.com\/#organization\",\"name\":\"Laboratorios Metofam\",\"url\":\"https:\/\/metofam.com\/\",\"logo\":{\"@type\":\"ImageObject\",\"inLanguage\":\"en-US\",\"@id\":\"https:\/\/metofam.com\/#\/schema\/logo\/image\/\",\"url\":\"https:\/\/metofam.com\/wp-content\/uploads\/2023\/05\/cropped-cropped-metofam-1.png\",\"contentUrl\":\"https:\/\/metofam.com\/wp-content\/uploads\/2023\/05\/cropped-cropped-metofam-1.png\",\"width\":384,\"height\":142,\"caption\":\"Laboratorios Metofam\"},\"image\":{\"@id\":\"https:\/\/metofam.com\/#\/schema\/logo\/image\/\"},\"sameAs\":[\"https:\/\/www.facebook.com\/laboratoriosmetofam\/\",\"https:\/\/www.instagram.com\/laboratoriosmetofam\/\"]}]}<\/script>\n<!-- \/ Yoast SEO plugin. -->","yoast_head_json":{"title":"Pol\u00edtica de cookies - Laboratorios Metofam","description":"\u00a1Descubre el poder de la salud con los paraprobi\u00f3ticos de Laboratorios Metofam, la clave del bienestar integral!","robots":{"index":"index","follow":"follow","max-snippet":"max-snippet:-1","max-image-preview":"max-image-preview:large","max-video-preview":"max-video-preview:-1"},"canonical":"https:\/\/metofam.com\/en\/politica-de-cookies\/","og_locale":"en_US","og_type":"article","og_title":"Pol\u00edtica de cookies - Laboratorios Metofam","og_description":"\u00a1Descubre el poder de la salud con los paraprobi\u00f3ticos de Laboratorios Metofam, la clave del bienestar integral!","og_url":"https:\/\/metofam.com\/en\/politica-de-cookies\/","og_site_name":"Laboratorios Metofam","article_publisher":"https:\/\/www.facebook.com\/laboratoriosmetofam\/","article_modified_time":"2025-11-27T12:52:49+00:00","twitter_card":"summary_large_image","twitter_misc":{"Est. reading time":"4 minutes"},"schema":{"@context":"https:\/\/schema.org","@graph":[{"@type":"WebPage","@id":"https:\/\/metofam.com\/politica-de-cookies\/","url":"https:\/\/metofam.com\/politica-de-cookies\/","name":"Pol\u00edtica de cookies - Laboratorios Metofam","isPartOf":{"@id":"https:\/\/metofam.com\/#website"},"datePublished":"2023-07-20T17:45:48+00:00","dateModified":"2025-11-27T12:52:49+00:00","description":"\u00a1Descubre el poder de la salud con los paraprobi\u00f3ticos de Laboratorios Metofam, la clave del bienestar integral!","breadcrumb":{"@id":"https:\/\/metofam.com\/politica-de-cookies\/#breadcrumb"},"inLanguage":"en-US","potentialAction":[{"@type":"ReadAction","target":["https:\/\/metofam.com\/politica-de-cookies\/"]}]},{"@type":"BreadcrumbList","@id":"https:\/\/metofam.com\/politica-de-cookies\/#breadcrumb","itemListElement":[{"@type":"ListItem","position":1,"name":"Portada","item":"https:\/\/metofam.com\/"},{"@type":"ListItem","position":2,"name":"Pol\u00edtica de cookies"}]},{"@type":"WebSite","@id":"https:\/\/metofam.com\/#website","url":"https:\/\/metofam.com\/","name":"Laboratorios Metofam","description":"","publisher":{"@id":"https:\/\/metofam.com\/#organization"},"potentialAction":[{"@type":"SearchAction","target":{"@type":"EntryPoint","urlTemplate":"https:\/\/metofam.com\/?s={search_term_string}"},"query-input":{"@type":"PropertyValueSpecification","valueRequired":true,"valueName":"search_term_string"}}],"inLanguage":"en-US"},{"@type":"Organization","@id":"https:\/\/metofam.com\/#organization","name":"Laboratorios Metofam","url":"https:\/\/metofam.com\/","logo":{"@type":"ImageObject","inLanguage":"en-US","@id":"https:\/\/metofam.com\/#\/schema\/logo\/image\/","url":"https:\/\/metofam.com\/wp-content\/uploads\/2023\/05\/cropped-cropped-metofam-1.png","contentUrl":"https:\/\/metofam.com\/wp-content\/uploads\/2023\/05\/cropped-cropped-metofam-1.png","width":384,"height":142,"caption":"Laboratorios Metofam"},"image":{"@id":"https:\/\/metofam.com\/#\/schema\/logo\/image\/"},"sameAs":["https:\/\/www.facebook.com\/laboratoriosmetofam\/","https:\/\/www.instagram.com\/laboratoriosmetofam\/"]}]}},"uagb_featured_image_src":{"full":false,"thumbnail":false,"medium":false,"medium_large":false,"large":false,"1536x1536":false,"2048x2048":false,"trp-custom-language-flag":false,"woocommerce_thumbnail":false,"woocommerce_single":false,"woocommerce_gallery_thumbnail":false},"uagb_author_info":{"display_name":"commerceOnline","author_link":"https:\/\/metofam.com\/en\/author\/commerceonline\/"},"uagb_comment_info":0,"uagb_excerpt":"Pol\u00edtica de cookies Esta Pol\u00edtica de Cookies explica qu\u00e9 son las cookies y c\u00f3mo las utilizamos; los tipos de cookies que utilizamos, es decir, la informaci\u00f3n que recopilamos mediante las cookies y c\u00f3mo se utiliza esa informaci\u00f3n; y c\u00f3mo controlar las preferencias de las cookies. Para m\u00e1s informaci\u00f3n sobre c\u00f3mo utilizamos, almacenamos y mantenemos seguros&hellip;","_links":{"self":[{"href":"https:\/\/metofam.com\/en\/wp-json\/wp\/v2\/pages\/2921","targetHints":{"allow":["GET"]}}],"collection":[{"href":"https:\/\/metofam.com\/en\/wp-json\/wp\/v2\/pages"}],"about":[{"href":"https:\/\/metofam.com\/en\/wp-json\/wp\/v2\/types\/page"}],"author":[{"embeddable":true,"href":"https:\/\/metofam.com\/en\/wp-json\/wp\/v2\/users\/1"}],"replies":[{"embeddable":true,"href":"https:\/\/metofam.com\/en\/wp-json\/wp\/v2\/comments?post=2921"}],"version-history":[{"count":16,"href":"https:\/\/metofam.com\/en\/wp-json\/wp\/v2\/pages\/2921\/revisions"}],"predecessor-version":[{"id":7500,"href":"https:\/\/metofam.com\/en\/wp-json\/wp\/v2\/pages\/2921\/revisions\/7500"}],"wp:attachment":[{"href":"https:\/\/metofam.com\/en\/wp-json\/wp\/v2\/media?parent=2921"}],"curies":[{"name":"wp","href":"https:\/\/api.w.org\/{rel}","templated":true}]}}