{"id":2801,"date":"2023-07-14T11:38:40","date_gmt":"2023-07-14T09:38:40","guid":{"rendered":"https:\/\/metofam.com\/?page_id=2801"},"modified":"2026-02-09T09:41:21","modified_gmt":"2026-02-09T07:41:21","slug":"condiciones-de-envio","status":"publish","type":"page","link":"https:\/\/metofam.com\/en\/condiciones-de-envio\/","title":{"rendered":"Terms and conditions of shipment"},"content":{"rendered":"<div data-elementor-type=\"wp-page\" data-elementor-id=\"2801\" class=\"elementor elementor-2801\">\n\t\t\t\t\t\t\t\t\t<section class=\"elementor-section elementor-top-section elementor-element elementor-element-48831a7 elementor-section-boxed elementor-section-height-default elementor-section-height-default\" data-id=\"48831a7\" data-element_type=\"section\">\n\t\t\t\t\t\t<div class=\"elementor-container elementor-column-gap-default\">\n\t\t\t\t\t<div class=\"elementor-column elementor-col-100 elementor-top-column elementor-element elementor-element-ba340e2\" data-id=\"ba340e2\" data-element_type=\"column\">\n\t\t\t<div class=\"elementor-widget-wrap elementor-element-populated\">\n\t\t\t\t\t\t\t\t<div class=\"elementor-element elementor-element-a33c432 elementor-widget elementor-widget-heading\" data-id=\"a33c432\" data-element_type=\"widget\" data-widget_type=\"heading.default\">\n\t\t\t\t<div class=\"elementor-widget-container\">\n\t\t\t<style>\/*! elementor - v3.14.0 - 18-06-2023 *\/\n.elementor-heading-title{padding:0;margin:0;line-height:1}.elementor-widget-heading .elementor-heading-title[class*=elementor-size-]>a{color:inherit;font-size:inherit;line-height:inherit}.elementor-widget-heading .elementor-heading-title.elementor-size-small{font-size:15px}.elementor-widget-heading .elementor-heading-title.elementor-size-medium{font-size:19px}.elementor-widget-heading .elementor-heading-title.elementor-size-large{font-size:29px}.elementor-widget-heading .elementor-heading-title.elementor-size-xl{font-size:39px}.elementor-widget-heading .elementor-heading-title.elementor-size-xxl{font-size:59px}<\/style><h2 class=\"elementor-heading-title elementor-size-default\">Terms and conditions of shipment<\/h2>\t\t<\/div>\n\t\t\t\t<\/div>\n\t\t\t\t\t<\/div>\n\t\t<\/div>\n\t\t\t\t\t\t\t<\/div>\n\t\t<\/section>\n\t\t\t\t<section class=\"elementor-section elementor-top-section elementor-element elementor-element-355b622 elementor-section-boxed elementor-section-height-default elementor-section-height-default\" data-id=\"355b622\" data-element_type=\"section\">\n\t\t\t\t\t\t<div class=\"elementor-container elementor-column-gap-default\">\n\t\t\t\t\t<div class=\"elementor-column elementor-col-100 elementor-top-column elementor-element elementor-element-ccbf6b1\" data-id=\"ccbf6b1\" data-element_type=\"column\">\n\t\t\t<div class=\"elementor-widget-wrap elementor-element-populated\">\n\t\t\t\t\t\t\t\t<div class=\"elementor-element elementor-element-5dc0299 elementor-widget elementor-widget-html\" data-id=\"5dc0299\" data-element_type=\"widget\" data-widget_type=\"html.default\">\n\t\t\t\t<div class=\"elementor-widget-container\">\n\t\t\t<table class=\"default\">\r\n\r\n  <tr>\r\n\r\n    <td><\/td>\r\n\r\n    <td style=\"font-weight: bold;\">Minimum order (price excl. VAT)<\/td>\r\n\r\n    <td style=\"font-weight: bold;\">Shipping costs (if minimum order is not covered)<\/td>\r\n    \r\n    <td style=\"font-weight: bold;\">Plazo estimado de entrega (para pedidos antes de las 18:00)<\/td>\r\n\r\n  <\/tr>\r\n\r\n  <tr>\r\n\r\n    <td style=\"font-weight: bold;\">Pen\u00ednsula<\/td>\r\n\r\n    <td>0,00\u20ac<\/td>\r\n\r\n    <td>0,00\u20ac<\/td>\r\n    \r\n    <td>1 d\u00eda laborable <\/td>\r\n\r\n  <\/tr>\r\n  \r\n  <tr>\r\n\r\n    <td style=\"font-weight: bold;\">Portugal<\/td>\r\n\r\n    <td>0,00\u20ac<\/td>\r\n\r\n    <td>0,00\u20ac<\/td>\r\n    \r\n    <td>1 d\u00eda laborable <\/td>\r\n\r\n  <\/tr>\r\n  \r\n  <tr>\r\n\r\n    <td style=\"font-weight: bold;\">Ceuta y Melilla<\/td>\r\n\r\n    <td>300,00\u20ac<\/td>\r\n\r\n    <td>47,00\u20ac<\/td>\r\n    \r\n    <td>2-4 working days <\/td>\r\n\r\n  <\/tr>\r\n  \r\n  <tr>\r\n\r\n    <td style=\"font-weight: bold;\">Canarias<\/td>\r\n\r\n    <td>260,00\u20ac<\/td>\r\n\r\n    <td>40,00\u20ac<\/td>\r\n    \r\n    <td>3-5 d\u00edas laborables <\/td>\r\n\r\n  <\/tr>\r\n  \r\n  <tr>\r\n\r\n    <td style=\"font-weight: bold;\">Baleares<\/td>\r\n\r\n    <td>75,00\u20ac<\/td>\r\n\r\n    <td>8,00\u20ac<\/td>\r\n    \r\n    <td>2-4 working days <\/td>\r\n\r\n  <\/tr>\r\n  \r\n  <tr>\r\n\r\n    <td style=\"font-weight: bold;\">Azores y Madeira<\/td>\r\n\r\n    <td>250,00\u20ac<\/td>\r\n\r\n    <td>39,00\u20ac<\/td>\r\n    \r\n    <td>3-5 d\u00edas laborables <\/td>\r\n\r\n  <\/tr>\r\n  \r\n  <tr>\r\n\r\n    <td style=\"font-weight: bold;\">Francia<\/td>\r\n\r\n    <td>105,00\u20ac<\/td>\r\n\r\n    <td>17,00\u20ac<\/td>\r\n    \r\n    <td>2-4 working days<\/td>\r\n\r\n  <\/tr>\r\n  \r\n  <tr>\r\n\r\n    <td style=\"font-weight: bold;\">Alemania<\/td>\r\n\r\n    <td>105,00\u20ac<\/td>\r\n\r\n    <td>17,00\u20ac<\/td>\r\n    \r\n    <td>3-5 d\u00edas laborables<\/td>\r\n\r\n  <\/tr>\r\n  \r\n  <tr>\r\n\r\n    <td style=\"font-weight: bold;\">Ruman\u00eda<\/td>\r\n\r\n    <td>125,00\u20ac<\/td>\r\n\r\n    <td>22,00\u20ac<\/td>\r\n    \r\n    <td>5-7 d\u00edas laborables<\/td>\r\n\r\n  <\/tr>\r\n  \r\n  <tr>\r\n\r\n    <td style=\"font-weight: bold;\">Italia<\/td>\r\n\r\n    <td>115,00\u20ac<\/td>\r\n\r\n    <td>19,00\u20ac<\/td>\r\n    \r\n    <td>3-4 d\u00edas laborables<\/td>\r\n\r\n  <\/tr>\r\n\r\n<\/table>\r\n\r\n\u2708\ufe0f\u00bfTu destino no aparece? Cons\u00faltanos\t\t<\/div>\n\t\t\t\t<\/div>\n\t\t\t\t\t<\/div>\n\t\t<\/div>\n\t\t\t\t\t\t\t<\/div>\n\t\t<\/section>\n\t\t\t\t\t\t\t<\/div>","protected":false},"excerpt":{"rendered":"<p>Condiciones de env\u00edo Pedido m\u00ednimo (sobre precio sin IVA) Gastos de env\u00edo (si no se cubre pedido m\u00ednimo) Plazo estimado de entrega (para pedidos antes de las 18:00) Pen\u00ednsula 0,00\u20ac 0,00\u20ac 1 d\u00eda laborable Portugal 0,00\u20ac 0,00\u20ac 1 d\u00eda laborable Ceuta y Melilla 300,00\u20ac 47,00\u20ac 2-4 d\u00edas laborables Canarias 260,00\u20ac 40,00\u20ac 3-5 d\u00edas laborables Baleares &hellip;<\/p>\n<p class=\"read-more\"> <a class=\"\" href=\"https:\/\/metofam.com\/en\/condiciones-de-envio\/\"> <span class=\"screen-reader-text\">Terms and conditions of shipment<\/span> Read More &raquo;<\/a><\/p>","protected":false},"author":1,"featured_media":0,"parent":0,"menu_order":0,"comment_status":"closed","ping_status":"closed","template":"","meta":{"_uag_custom_page_level_css":"","site-sidebar-layout":"no-sidebar","site-content-layout":"page-builder","ast-global-header-display":"","ast-banner-title-visibility":"","ast-main-header-display":"","ast-hfb-above-header-display":"","ast-hfb-below-header-display":"","ast-hfb-mobile-header-display":"","site-post-title":"disabled","ast-breadcrumbs-content":"","ast-featured-img":"disabled","footer-sml-layout":"","theme-transparent-header-meta":"","adv-header-id-meta":"","stick-header-meta":"","header-above-stick-meta":"","header-main-stick-meta":"","header-below-stick-meta":"","footnotes":""},"class_list":["post-2801","page","type-page","status-publish","hentry"],"yoast_head":"<!-- This site is optimized with the Yoast SEO plugin v25.1 - https:\/\/yoast.com\/wordpress\/plugins\/seo\/ -->\n<title>Condiciones de env\u00edo - Laboratorios Metofam<\/title>\n<meta name=\"description\" content=\"\u00a1Descubre el poder de la salud con los paraprobi\u00f3ticos de Laboratorios Metofam, la clave del bienestar integral!\" \/>\n<meta name=\"robots\" content=\"index, follow, max-snippet:-1, max-image-preview:large, max-video-preview:-1\" \/>\n<link rel=\"canonical\" href=\"https:\/\/metofam.com\/en\/condiciones-de-envio\/\" \/>\n<meta property=\"og:locale\" content=\"en_US\" \/>\n<meta property=\"og:type\" content=\"article\" \/>\n<meta property=\"og:title\" content=\"Condiciones de env\u00edo - Laboratorios Metofam\" \/>\n<meta property=\"og:description\" content=\"\u00a1Descubre el poder de la salud con los paraprobi\u00f3ticos de Laboratorios Metofam, la clave del bienestar integral!\" \/>\n<meta property=\"og:url\" content=\"https:\/\/metofam.com\/en\/condiciones-de-envio\/\" \/>\n<meta property=\"og:site_name\" content=\"Laboratorios Metofam\" \/>\n<meta property=\"article:publisher\" content=\"https:\/\/www.facebook.com\/laboratoriosmetofam\/\" \/>\n<meta property=\"article:modified_time\" content=\"2026-02-09T07:41:21+00:00\" \/>\n<meta name=\"twitter:card\" content=\"summary_large_image\" \/>\n<meta name=\"twitter:label1\" content=\"Est. reading time\" \/>\n\t<meta name=\"twitter:data1\" content=\"1 minute\" \/>\n<script type=\"application\/ld+json\" class=\"yoast-schema-graph\">{\"@context\":\"https:\/\/schema.org\",\"@graph\":[{\"@type\":\"WebPage\",\"@id\":\"https:\/\/metofam.com\/condiciones-de-envio\/\",\"url\":\"https:\/\/metofam.com\/condiciones-de-envio\/\",\"name\":\"Condiciones de env\u00edo - Laboratorios Metofam\",\"isPartOf\":{\"@id\":\"https:\/\/metofam.com\/#website\"},\"datePublished\":\"2023-07-14T09:38:40+00:00\",\"dateModified\":\"2026-02-09T07:41:21+00:00\",\"description\":\"\u00a1Descubre el poder de la salud con los paraprobi\u00f3ticos de Laboratorios Metofam, la clave del bienestar integral!\",\"breadcrumb\":{\"@id\":\"https:\/\/metofam.com\/condiciones-de-envio\/#breadcrumb\"},\"inLanguage\":\"en-US\",\"potentialAction\":[{\"@type\":\"ReadAction\",\"target\":[\"https:\/\/metofam.com\/condiciones-de-envio\/\"]}]},{\"@type\":\"BreadcrumbList\",\"@id\":\"https:\/\/metofam.com\/condiciones-de-envio\/#breadcrumb\",\"itemListElement\":[{\"@type\":\"ListItem\",\"position\":1,\"name\":\"Portada\",\"item\":\"https:\/\/metofam.com\/\"},{\"@type\":\"ListItem\",\"position\":2,\"name\":\"Condiciones de env\u00edo\"}]},{\"@type\":\"WebSite\",\"@id\":\"https:\/\/metofam.com\/#website\",\"url\":\"https:\/\/metofam.com\/\",\"name\":\"Laboratorios Metofam\",\"description\":\"\",\"publisher\":{\"@id\":\"https:\/\/metofam.com\/#organization\"},\"potentialAction\":[{\"@type\":\"SearchAction\",\"target\":{\"@type\":\"EntryPoint\",\"urlTemplate\":\"https:\/\/metofam.com\/?s={search_term_string}\"},\"query-input\":{\"@type\":\"PropertyValueSpecification\",\"valueRequired\":true,\"valueName\":\"search_term_string\"}}],\"inLanguage\":\"en-US\"},{\"@type\":\"Organization\",\"@id\":\"https:\/\/metofam.com\/#organization\",\"name\":\"Laboratorios Metofam\",\"url\":\"https:\/\/metofam.com\/\",\"logo\":{\"@type\":\"ImageObject\",\"inLanguage\":\"en-US\",\"@id\":\"https:\/\/metofam.com\/#\/schema\/logo\/image\/\",\"url\":\"https:\/\/metofam.com\/wp-content\/uploads\/2023\/05\/cropped-cropped-metofam-1.png\",\"contentUrl\":\"https:\/\/metofam.com\/wp-content\/uploads\/2023\/05\/cropped-cropped-metofam-1.png\",\"width\":384,\"height\":142,\"caption\":\"Laboratorios Metofam\"},\"image\":{\"@id\":\"https:\/\/metofam.com\/#\/schema\/logo\/image\/\"},\"sameAs\":[\"https:\/\/www.facebook.com\/laboratoriosmetofam\/\",\"https:\/\/www.instagram.com\/laboratoriosmetofam\/\"]}]}<\/script>\n<!-- \/ Yoast SEO plugin. -->","yoast_head_json":{"title":"Condiciones de env\u00edo - Laboratorios Metofam","description":"\u00a1Descubre el poder de la salud con los paraprobi\u00f3ticos de Laboratorios Metofam, la clave del bienestar integral!","robots":{"index":"index","follow":"follow","max-snippet":"max-snippet:-1","max-image-preview":"max-image-preview:large","max-video-preview":"max-video-preview:-1"},"canonical":"https:\/\/metofam.com\/en\/condiciones-de-envio\/","og_locale":"en_US","og_type":"article","og_title":"Condiciones de env\u00edo - Laboratorios Metofam","og_description":"\u00a1Descubre el poder de la salud con los paraprobi\u00f3ticos de Laboratorios Metofam, la clave del bienestar integral!","og_url":"https:\/\/metofam.com\/en\/condiciones-de-envio\/","og_site_name":"Laboratorios Metofam","article_publisher":"https:\/\/www.facebook.com\/laboratoriosmetofam\/","article_modified_time":"2026-02-09T07:41:21+00:00","twitter_card":"summary_large_image","twitter_misc":{"Est. reading time":"1 minute"},"schema":{"@context":"https:\/\/schema.org","@graph":[{"@type":"WebPage","@id":"https:\/\/metofam.com\/condiciones-de-envio\/","url":"https:\/\/metofam.com\/condiciones-de-envio\/","name":"Condiciones de env\u00edo - Laboratorios Metofam","isPartOf":{"@id":"https:\/\/metofam.com\/#website"},"datePublished":"2023-07-14T09:38:40+00:00","dateModified":"2026-02-09T07:41:21+00:00","description":"\u00a1Descubre el poder de la salud con los paraprobi\u00f3ticos de Laboratorios Metofam, la clave del bienestar integral!","breadcrumb":{"@id":"https:\/\/metofam.com\/condiciones-de-envio\/#breadcrumb"},"inLanguage":"en-US","potentialAction":[{"@type":"ReadAction","target":["https:\/\/metofam.com\/condiciones-de-envio\/"]}]},{"@type":"BreadcrumbList","@id":"https:\/\/metofam.com\/condiciones-de-envio\/#breadcrumb","itemListElement":[{"@type":"ListItem","position":1,"name":"Portada","item":"https:\/\/metofam.com\/"},{"@type":"ListItem","position":2,"name":"Condiciones de env\u00edo"}]},{"@type":"WebSite","@id":"https:\/\/metofam.com\/#website","url":"https:\/\/metofam.com\/","name":"Laboratorios Metofam","description":"","publisher":{"@id":"https:\/\/metofam.com\/#organization"},"potentialAction":[{"@type":"SearchAction","target":{"@type":"EntryPoint","urlTemplate":"https:\/\/metofam.com\/?s={search_term_string}"},"query-input":{"@type":"PropertyValueSpecification","valueRequired":true,"valueName":"search_term_string"}}],"inLanguage":"en-US"},{"@type":"Organization","@id":"https:\/\/metofam.com\/#organization","name":"Laboratorios Metofam","url":"https:\/\/metofam.com\/","logo":{"@type":"ImageObject","inLanguage":"en-US","@id":"https:\/\/metofam.com\/#\/schema\/logo\/image\/","url":"https:\/\/metofam.com\/wp-content\/uploads\/2023\/05\/cropped-cropped-metofam-1.png","contentUrl":"https:\/\/metofam.com\/wp-content\/uploads\/2023\/05\/cropped-cropped-metofam-1.png","width":384,"height":142,"caption":"Laboratorios Metofam"},"image":{"@id":"https:\/\/metofam.com\/#\/schema\/logo\/image\/"},"sameAs":["https:\/\/www.facebook.com\/laboratoriosmetofam\/","https:\/\/www.instagram.com\/laboratoriosmetofam\/"]}]}},"uagb_featured_image_src":{"full":false,"thumbnail":false,"medium":false,"medium_large":false,"large":false,"1536x1536":false,"2048x2048":false,"trp-custom-language-flag":false,"woocommerce_thumbnail":false,"woocommerce_single":false,"woocommerce_gallery_thumbnail":false},"uagb_author_info":{"display_name":"commerceOnline","author_link":"https:\/\/metofam.com\/en\/author\/commerceonline\/"},"uagb_comment_info":0,"uagb_excerpt":"Condiciones de env\u00edo Pedido m\u00ednimo (sobre precio sin IVA) Gastos de env\u00edo (si no se cubre pedido m\u00ednimo) Plazo estimado de entrega (para pedidos antes de las 18:00) Pen\u00ednsula 0,00\u20ac 0,00\u20ac 1 d\u00eda laborable Portugal 0,00\u20ac 0,00\u20ac 1 d\u00eda laborable Ceuta y Melilla 300,00\u20ac 47,00\u20ac 2-4 d\u00edas laborables Canarias 260,00\u20ac 40,00\u20ac 3-5 d\u00edas laborables Baleares&hellip;","_links":{"self":[{"href":"https:\/\/metofam.com\/en\/wp-json\/wp\/v2\/pages\/2801","targetHints":{"allow":["GET"]}}],"collection":[{"href":"https:\/\/metofam.com\/en\/wp-json\/wp\/v2\/pages"}],"about":[{"href":"https:\/\/metofam.com\/en\/wp-json\/wp\/v2\/types\/page"}],"author":[{"embeddable":true,"href":"https:\/\/metofam.com\/en\/wp-json\/wp\/v2\/users\/1"}],"replies":[{"embeddable":true,"href":"https:\/\/metofam.com\/en\/wp-json\/wp\/v2\/comments?post=2801"}],"version-history":[{"count":55,"href":"https:\/\/metofam.com\/en\/wp-json\/wp\/v2\/pages\/2801\/revisions"}],"predecessor-version":[{"id":8302,"href":"https:\/\/metofam.com\/en\/wp-json\/wp\/v2\/pages\/2801\/revisions\/8302"}],"wp:attachment":[{"href":"https:\/\/metofam.com\/en\/wp-json\/wp\/v2\/media?parent=2801"}],"curies":[{"name":"wp","href":"https:\/\/api.w.org\/{rel}","templated":true}]}}