{"id":2416,"date":"2023-07-01T00:14:47","date_gmt":"2023-06-30T22:14:47","guid":{"rendered":"https:\/\/metofam.com\/?page_id=2416"},"modified":"2025-11-27T14:54:29","modified_gmt":"2025-11-27T12:54:29","slug":"politica-de-privacidad","status":"publish","type":"page","link":"https:\/\/metofam.com\/en\/politica-de-privacidad\/","title":{"rendered":"Privacy Policy"},"content":{"rendered":"<div data-elementor-type=\"wp-page\" data-elementor-id=\"2416\" class=\"elementor elementor-2416\">\n\t\t\t\t\t\t\t\t\t<section class=\"elementor-section elementor-top-section elementor-element elementor-element-a01a8be elementor-section-boxed elementor-section-height-default elementor-section-height-default\" data-id=\"a01a8be\" data-element_type=\"section\" data-settings=\"{&quot;background_background&quot;:&quot;classic&quot;}\">\n\t\t\t\t\t\t<div class=\"elementor-container elementor-column-gap-default\">\n\t\t\t\t\t<div class=\"elementor-column elementor-col-100 elementor-top-column elementor-element elementor-element-325183e\" data-id=\"325183e\" data-element_type=\"column\">\n\t\t\t<div class=\"elementor-widget-wrap elementor-element-populated\">\n\t\t\t\t\t\t\t\t<div class=\"elementor-element elementor-element-68b09ce elementor-widget elementor-widget-heading\" data-id=\"68b09ce\" data-element_type=\"widget\" data-widget_type=\"heading.default\">\n\t\t\t\t<div class=\"elementor-widget-container\">\n\t\t\t<style>\/*! elementor - v3.14.0 - 18-06-2023 *\/\n.elementor-heading-title{padding:0;margin:0;line-height:1}.elementor-widget-heading .elementor-heading-title[class*=elementor-size-]>a{color:inherit;font-size:inherit;line-height:inherit}.elementor-widget-heading .elementor-heading-title.elementor-size-small{font-size:15px}.elementor-widget-heading .elementor-heading-title.elementor-size-medium{font-size:19px}.elementor-widget-heading .elementor-heading-title.elementor-size-large{font-size:29px}.elementor-widget-heading .elementor-heading-title.elementor-size-xl{font-size:39px}.elementor-widget-heading .elementor-heading-title.elementor-size-xxl{font-size:59px}<\/style><h2 class=\"elementor-heading-title elementor-size-default\">Privacy Policy<\/h2>\t\t<\/div>\n\t\t\t\t<\/div>\n\t\t\t\t\t<\/div>\n\t\t<\/div>\n\t\t\t\t\t\t\t<\/div>\n\t\t<\/section>\n\t\t\t\t<section class=\"elementor-section elementor-top-section elementor-element elementor-element-11f80d0 elementor-section-boxed elementor-section-height-default elementor-section-height-default\" data-id=\"11f80d0\" data-element_type=\"section\" data-settings=\"{&quot;background_background&quot;:&quot;classic&quot;}\">\n\t\t\t\t\t\t<div class=\"elementor-container elementor-column-gap-default\">\n\t\t\t\t\t<div class=\"elementor-column elementor-col-100 elementor-top-column elementor-element elementor-element-af2197a\" data-id=\"af2197a\" data-element_type=\"column\">\n\t\t\t<div class=\"elementor-widget-wrap elementor-element-populated\">\n\t\t\t\t\t\t\t\t<div class=\"elementor-element elementor-element-059023a elementor-widget elementor-widget-text-editor\" data-id=\"059023a\" data-element_type=\"widget\" data-widget_type=\"text-editor.default\">\n\t\t\t\t<div class=\"elementor-widget-container\">\n\t\t\t<style>\/*! elementor - v3.14.0 - 18-06-2023 *\/\n.elementor-widget-text-editor.elementor-drop-cap-view-stacked .elementor-drop-cap{background-color:#69727d;color:#fff}.elementor-widget-text-editor.elementor-drop-cap-view-framed .elementor-drop-cap{color:#69727d;border:3px solid;background-color:transparent}.elementor-widget-text-editor:not(.elementor-drop-cap-view-default) .elementor-drop-cap{margin-top:8px}.elementor-widget-text-editor:not(.elementor-drop-cap-view-default) .elementor-drop-cap-letter{width:1em;height:1em}.elementor-widget-text-editor .elementor-drop-cap{float:left;text-align:center;line-height:1;font-size:50px}.elementor-widget-text-editor .elementor-drop-cap-letter{display:inline-block}<\/style>\t\t\t\t<p>In compliance with current legislation on data protection, Metofam, as the party responsible for the website, informs all users who provide or will provide their personal data, that they will be subject to processing that has been registered among the processing activities of Metofam, in accordance with the provisions of Article 30 of REGULATION (EU) 2016\/679 OF THE EUROPEAN PARLIAMENT AND OF THE COUNCIL of 27 April 2016 on the protection of natural persons with regard to the processing of personal data and on the free movement of such data and repealing Directive 95\/46\/EC (hereinafter GDPR).<\/p><p>Tus datos formar\u00e1n parte de los ficheros de datos de car\u00e1cter personal que Metofam cuyas finalidades son:<\/p><p><strong>CUSTOMER FILE<\/strong><\/p><p>Conforme al Art. 6, apartado 1, p\u00e1rrafo 1, letra a del RGPD, de haber obtenido previamente tu consentimiento expreso a la inscripci\u00f3n a nuestro bolet\u00edn, utilizaremos los datos necesarios para ello para el env\u00edo de comunicaciones comerciales de acuerdo a dicho consentimiento.<\/p><p>Puedes darte de baja del bolet\u00edn en cualquier momento, enviando un mensaje a nuestra direcci\u00f3n de contacto aqu\u00ed descrita o haciendo click en el link previsto para ello en el e-mail con dicha comunicaci\u00f3n comercial.<\/p><p>Tras darte de baja bloqueamos tu direcci\u00f3n de correo electr\u00f3nico para este uso, siempre que nos hayas dado tu consentimiento expreso de que los datos sigan siendo usados, o nos reservemos el derecho de continuar usando sus datos en casos permitidos por la ley y sobre los que les informamos en este documento.<\/p><p><strong>RIGHTS OF INTERESTED PARTIES<\/strong><\/p><p>Como interesado tienes los siguientes derechos, de conformidad con el Reglamento General de Protecci\u00f3n de Datos (RGPD):<\/p><ul><li>Conforme al art. 77 RGPD, el derecho a presentar una reclamaci\u00f3n ante una autoridad de control. Por regla general puedes dirigirte para ello a la autoridad de control de tu lugar de residencia o trabajo habituales o de la sede de nuestra empresa.<\/li><\/ul><p>In Spain:<\/p><p>Spanish Data Protection Agency (AEPD)<\/p><p>Calle Jorge Juan, 6<\/p><p>28001, Madrid (Madrid)<\/p><p>Phone: 901 100 099<\/p><p>https:\/\/www.aepd.es\/<\/p><p>Metofam garantiza en todo momento al usuario el ejercicio de tus derechos de acceso, rectificaci\u00f3n, limitaci\u00f3n, supresi\u00f3n, cancelaci\u00f3n, portabilidad y oposici\u00f3n sobre los datos personales facilitados, dirigi\u00e9ndote por escrito a Metofam, en la direcci\u00f3n que figura en el Aviso Legal o a trav\u00e9s de la direcci\u00f3n de correo electr\u00f3nico metofam@metofam.com, acompa\u00f1ando en todo caso una copia de tu documento nacional de identidad.<\/p><p><strong>INTELLECTUAL AND INDUSTRIAL POLICY<\/strong><\/p><p>All contents, trademarks, designs, logos, icons, buttons, software, trade names, domain names, and any other signs or elements subject to protection by intellectual and industrial property rights that are part of this website are the property of Metofam or third parties who have duly authorized their inclusion in it and who are listed as authors or holders of the rights.<\/p><p>The exploitation rights of the website are owned by Metofam and are protected by the Spanish Intellectual Property Laws and by the applicable laws of the country where it is used. The structure, organization and coding of the website constitute valuable trade secrets and confidential information of Metofam. The user must therefore treat the web application in the same way as he would any other material protected by intellectual property rights and may not copy them without the express written permission of their owners.<\/p><p>Under no circumstances shall it be understood that any license is granted or any waiver, transmission, total or partial transfer of said rights is made, nor shall any right be conferred, in particular, of exploitation, reproduction, distribution, transformation or public communication of said contents without the prior express written authorization of Metofam or of the corresponding third parties.<\/p><p>Trademarks should be used in accordance with trademark trade usage, including mentioning the name of the trademark owner.<\/p><p><strong>LINK POLICY<\/strong><\/p><p>Metofam assumes no responsibility for links to other sites or web pages that, if any, may be included in the same, as it has no control over them, so the user accesses under its sole responsibility to the content and conditions of use governing the same, in the terms provided in art. 17 LSSICE.<\/p>\t\t\t\t\t\t<\/div>\n\t\t\t\t<\/div>\n\t\t\t\t\t<\/div>\n\t\t<\/div>\n\t\t\t\t\t\t\t<\/div>\n\t\t<\/section>\n\t\t\t\t\t\t\t<\/div>","protected":false},"excerpt":{"rendered":"<p>Pol\u00edtica de privacidad En cumplimiento de la normativa vigente en materia de protecci\u00f3n de datos, Metofam, como responsable del sitio web, informa a todos los usuarios que faciliten o vayan a facilitar sus datos personales, que estos ser\u00e1n objeto de tratamiento que se haya registrado entre las actividades de tratamiento de Metofam, conforme a lo &hellip;<\/p>\n<p class=\"read-more\"> <a class=\"\" href=\"https:\/\/metofam.com\/en\/politica-de-privacidad\/\"> <span class=\"screen-reader-text\">Privacy Policy<\/span> Read More &raquo;<\/a><\/p>","protected":false},"author":1,"featured_media":0,"parent":0,"menu_order":0,"comment_status":"closed","ping_status":"closed","template":"","meta":{"_uag_custom_page_level_css":"","site-sidebar-layout":"no-sidebar","site-content-layout":"page-builder","ast-global-header-display":"","ast-banner-title-visibility":"","ast-main-header-display":"","ast-hfb-above-header-display":"","ast-hfb-below-header-display":"","ast-hfb-mobile-header-display":"","site-post-title":"disabled","ast-breadcrumbs-content":"","ast-featured-img":"disabled","footer-sml-layout":"","theme-transparent-header-meta":"","adv-header-id-meta":"","stick-header-meta":"","header-above-stick-meta":"","header-main-stick-meta":"","header-below-stick-meta":"","footnotes":""},"class_list":["post-2416","page","type-page","status-publish","hentry"],"yoast_head":"<!-- This site is optimized with the Yoast SEO plugin v25.1 - https:\/\/yoast.com\/wordpress\/plugins\/seo\/ -->\n<title>Pol\u00edtica de privacidad - Laboratorios Metofam<\/title>\n<meta name=\"description\" content=\"\u00a1Descubre el poder de la salud con los paraprobi\u00f3ticos de Laboratorios Metofam, la clave del bienestar integral!\" \/>\n<meta name=\"robots\" content=\"index, follow, max-snippet:-1, max-image-preview:large, max-video-preview:-1\" \/>\n<link rel=\"canonical\" href=\"https:\/\/metofam.com\/en\/politica-de-privacidad\/\" \/>\n<meta property=\"og:locale\" content=\"en_US\" \/>\n<meta property=\"og:type\" content=\"article\" \/>\n<meta property=\"og:title\" content=\"Pol\u00edtica de privacidad - Laboratorios Metofam\" \/>\n<meta property=\"og:description\" content=\"\u00a1Descubre el poder de la salud con los paraprobi\u00f3ticos de Laboratorios Metofam, la clave del bienestar integral!\" \/>\n<meta property=\"og:url\" content=\"https:\/\/metofam.com\/en\/politica-de-privacidad\/\" \/>\n<meta property=\"og:site_name\" content=\"Laboratorios Metofam\" \/>\n<meta property=\"article:publisher\" content=\"https:\/\/www.facebook.com\/laboratoriosmetofam\/\" \/>\n<meta property=\"article:modified_time\" content=\"2025-11-27T12:54:29+00:00\" \/>\n<meta name=\"twitter:card\" content=\"summary_large_image\" \/>\n<meta name=\"twitter:label1\" content=\"Est. reading time\" \/>\n\t<meta name=\"twitter:data1\" content=\"4 minutes\" \/>\n<script type=\"application\/ld+json\" class=\"yoast-schema-graph\">{\"@context\":\"https:\/\/schema.org\",\"@graph\":[{\"@type\":\"WebPage\",\"@id\":\"https:\/\/metofam.com\/politica-de-privacidad\/\",\"url\":\"https:\/\/metofam.com\/politica-de-privacidad\/\",\"name\":\"Pol\u00edtica de privacidad - Laboratorios Metofam\",\"isPartOf\":{\"@id\":\"https:\/\/metofam.com\/#website\"},\"datePublished\":\"2023-06-30T22:14:47+00:00\",\"dateModified\":\"2025-11-27T12:54:29+00:00\",\"description\":\"\u00a1Descubre el poder de la salud con los paraprobi\u00f3ticos de Laboratorios Metofam, la clave del bienestar integral!\",\"breadcrumb\":{\"@id\":\"https:\/\/metofam.com\/politica-de-privacidad\/#breadcrumb\"},\"inLanguage\":\"en-US\",\"potentialAction\":[{\"@type\":\"ReadAction\",\"target\":[\"https:\/\/metofam.com\/politica-de-privacidad\/\"]}]},{\"@type\":\"BreadcrumbList\",\"@id\":\"https:\/\/metofam.com\/politica-de-privacidad\/#breadcrumb\",\"itemListElement\":[{\"@type\":\"ListItem\",\"position\":1,\"name\":\"Portada\",\"item\":\"https:\/\/metofam.com\/\"},{\"@type\":\"ListItem\",\"position\":2,\"name\":\"Pol\u00edtica de privacidad\"}]},{\"@type\":\"WebSite\",\"@id\":\"https:\/\/metofam.com\/#website\",\"url\":\"https:\/\/metofam.com\/\",\"name\":\"Laboratorios Metofam\",\"description\":\"\",\"publisher\":{\"@id\":\"https:\/\/metofam.com\/#organization\"},\"potentialAction\":[{\"@type\":\"SearchAction\",\"target\":{\"@type\":\"EntryPoint\",\"urlTemplate\":\"https:\/\/metofam.com\/?s={search_term_string}\"},\"query-input\":{\"@type\":\"PropertyValueSpecification\",\"valueRequired\":true,\"valueName\":\"search_term_string\"}}],\"inLanguage\":\"en-US\"},{\"@type\":\"Organization\",\"@id\":\"https:\/\/metofam.com\/#organization\",\"name\":\"Laboratorios Metofam\",\"url\":\"https:\/\/metofam.com\/\",\"logo\":{\"@type\":\"ImageObject\",\"inLanguage\":\"en-US\",\"@id\":\"https:\/\/metofam.com\/#\/schema\/logo\/image\/\",\"url\":\"https:\/\/metofam.com\/wp-content\/uploads\/2023\/05\/cropped-cropped-metofam-1.png\",\"contentUrl\":\"https:\/\/metofam.com\/wp-content\/uploads\/2023\/05\/cropped-cropped-metofam-1.png\",\"width\":384,\"height\":142,\"caption\":\"Laboratorios Metofam\"},\"image\":{\"@id\":\"https:\/\/metofam.com\/#\/schema\/logo\/image\/\"},\"sameAs\":[\"https:\/\/www.facebook.com\/laboratoriosmetofam\/\",\"https:\/\/www.instagram.com\/laboratoriosmetofam\/\"]}]}<\/script>\n<!-- \/ Yoast SEO plugin. -->","yoast_head_json":{"title":"Pol\u00edtica de privacidad - Laboratorios Metofam","description":"\u00a1Descubre el poder de la salud con los paraprobi\u00f3ticos de Laboratorios Metofam, la clave del bienestar integral!","robots":{"index":"index","follow":"follow","max-snippet":"max-snippet:-1","max-image-preview":"max-image-preview:large","max-video-preview":"max-video-preview:-1"},"canonical":"https:\/\/metofam.com\/en\/politica-de-privacidad\/","og_locale":"en_US","og_type":"article","og_title":"Pol\u00edtica de privacidad - Laboratorios Metofam","og_description":"\u00a1Descubre el poder de la salud con los paraprobi\u00f3ticos de Laboratorios Metofam, la clave del bienestar integral!","og_url":"https:\/\/metofam.com\/en\/politica-de-privacidad\/","og_site_name":"Laboratorios Metofam","article_publisher":"https:\/\/www.facebook.com\/laboratoriosmetofam\/","article_modified_time":"2025-11-27T12:54:29+00:00","twitter_card":"summary_large_image","twitter_misc":{"Est. reading time":"4 minutes"},"schema":{"@context":"https:\/\/schema.org","@graph":[{"@type":"WebPage","@id":"https:\/\/metofam.com\/politica-de-privacidad\/","url":"https:\/\/metofam.com\/politica-de-privacidad\/","name":"Pol\u00edtica de privacidad - Laboratorios Metofam","isPartOf":{"@id":"https:\/\/metofam.com\/#website"},"datePublished":"2023-06-30T22:14:47+00:00","dateModified":"2025-11-27T12:54:29+00:00","description":"\u00a1Descubre el poder de la salud con los paraprobi\u00f3ticos de Laboratorios Metofam, la clave del bienestar integral!","breadcrumb":{"@id":"https:\/\/metofam.com\/politica-de-privacidad\/#breadcrumb"},"inLanguage":"en-US","potentialAction":[{"@type":"ReadAction","target":["https:\/\/metofam.com\/politica-de-privacidad\/"]}]},{"@type":"BreadcrumbList","@id":"https:\/\/metofam.com\/politica-de-privacidad\/#breadcrumb","itemListElement":[{"@type":"ListItem","position":1,"name":"Portada","item":"https:\/\/metofam.com\/"},{"@type":"ListItem","position":2,"name":"Pol\u00edtica de privacidad"}]},{"@type":"WebSite","@id":"https:\/\/metofam.com\/#website","url":"https:\/\/metofam.com\/","name":"Laboratorios Metofam","description":"","publisher":{"@id":"https:\/\/metofam.com\/#organization"},"potentialAction":[{"@type":"SearchAction","target":{"@type":"EntryPoint","urlTemplate":"https:\/\/metofam.com\/?s={search_term_string}"},"query-input":{"@type":"PropertyValueSpecification","valueRequired":true,"valueName":"search_term_string"}}],"inLanguage":"en-US"},{"@type":"Organization","@id":"https:\/\/metofam.com\/#organization","name":"Laboratorios Metofam","url":"https:\/\/metofam.com\/","logo":{"@type":"ImageObject","inLanguage":"en-US","@id":"https:\/\/metofam.com\/#\/schema\/logo\/image\/","url":"https:\/\/metofam.com\/wp-content\/uploads\/2023\/05\/cropped-cropped-metofam-1.png","contentUrl":"https:\/\/metofam.com\/wp-content\/uploads\/2023\/05\/cropped-cropped-metofam-1.png","width":384,"height":142,"caption":"Laboratorios Metofam"},"image":{"@id":"https:\/\/metofam.com\/#\/schema\/logo\/image\/"},"sameAs":["https:\/\/www.facebook.com\/laboratoriosmetofam\/","https:\/\/www.instagram.com\/laboratoriosmetofam\/"]}]}},"uagb_featured_image_src":{"full":false,"thumbnail":false,"medium":false,"medium_large":false,"large":false,"1536x1536":false,"2048x2048":false,"trp-custom-language-flag":false,"woocommerce_thumbnail":false,"woocommerce_single":false,"woocommerce_gallery_thumbnail":false},"uagb_author_info":{"display_name":"commerceOnline","author_link":"https:\/\/metofam.com\/en\/author\/commerceonline\/"},"uagb_comment_info":0,"uagb_excerpt":"Pol\u00edtica de privacidad En cumplimiento de la normativa vigente en materia de protecci\u00f3n de datos, Metofam, como responsable del sitio web, informa a todos los usuarios que faciliten o vayan a facilitar sus datos personales, que estos ser\u00e1n objeto de tratamiento que se haya registrado entre las actividades de tratamiento de Metofam, conforme a lo&hellip;","_links":{"self":[{"href":"https:\/\/metofam.com\/en\/wp-json\/wp\/v2\/pages\/2416","targetHints":{"allow":["GET"]}}],"collection":[{"href":"https:\/\/metofam.com\/en\/wp-json\/wp\/v2\/pages"}],"about":[{"href":"https:\/\/metofam.com\/en\/wp-json\/wp\/v2\/types\/page"}],"author":[{"embeddable":true,"href":"https:\/\/metofam.com\/en\/wp-json\/wp\/v2\/users\/1"}],"replies":[{"embeddable":true,"href":"https:\/\/metofam.com\/en\/wp-json\/wp\/v2\/comments?post=2416"}],"version-history":[{"count":16,"href":"https:\/\/metofam.com\/en\/wp-json\/wp\/v2\/pages\/2416\/revisions"}],"predecessor-version":[{"id":7512,"href":"https:\/\/metofam.com\/en\/wp-json\/wp\/v2\/pages\/2416\/revisions\/7512"}],"wp:attachment":[{"href":"https:\/\/metofam.com\/en\/wp-json\/wp\/v2\/media?parent=2416"}],"curies":[{"name":"wp","href":"https:\/\/api.w.org\/{rel}","templated":true}]}}