{"id":2412,"date":"2023-07-01T00:05:55","date_gmt":"2023-06-30T22:05:55","guid":{"rendered":"https:\/\/metofam.com\/?page_id=2412"},"modified":"2025-11-27T14:53:58","modified_gmt":"2025-11-27T12:53:58","slug":"aviso-legal","status":"publish","type":"page","link":"https:\/\/metofam.com\/en\/aviso-legal\/","title":{"rendered":"Legal Notice"},"content":{"rendered":"<div data-elementor-type=\"wp-page\" data-elementor-id=\"2412\" class=\"elementor elementor-2412\">\n\t\t\t\t\t\t\t\t\t<section class=\"elementor-section elementor-top-section elementor-element elementor-element-b568247 elementor-section-boxed elementor-section-height-default elementor-section-height-default\" data-id=\"b568247\" data-element_type=\"section\" data-settings=\"{&quot;background_background&quot;:&quot;classic&quot;}\">\n\t\t\t\t\t\t<div class=\"elementor-container elementor-column-gap-default\">\n\t\t\t\t\t<div class=\"elementor-column elementor-col-100 elementor-top-column elementor-element elementor-element-b93217e\" data-id=\"b93217e\" data-element_type=\"column\">\n\t\t\t<div class=\"elementor-widget-wrap elementor-element-populated\">\n\t\t\t\t\t\t\t\t<div class=\"elementor-element elementor-element-61a94aa elementor-widget elementor-widget-heading\" data-id=\"61a94aa\" data-element_type=\"widget\" data-widget_type=\"heading.default\">\n\t\t\t\t<div class=\"elementor-widget-container\">\n\t\t\t<style>\/*! elementor - v3.14.0 - 18-06-2023 *\/\n.elementor-heading-title{padding:0;margin:0;line-height:1}.elementor-widget-heading .elementor-heading-title[class*=elementor-size-]>a{color:inherit;font-size:inherit;line-height:inherit}.elementor-widget-heading .elementor-heading-title.elementor-size-small{font-size:15px}.elementor-widget-heading .elementor-heading-title.elementor-size-medium{font-size:19px}.elementor-widget-heading .elementor-heading-title.elementor-size-large{font-size:29px}.elementor-widget-heading .elementor-heading-title.elementor-size-xl{font-size:39px}.elementor-widget-heading .elementor-heading-title.elementor-size-xxl{font-size:59px}<\/style><h2 class=\"elementor-heading-title elementor-size-default\">Legal Notice<\/h2>\t\t<\/div>\n\t\t\t\t<\/div>\n\t\t\t\t\t<\/div>\n\t\t<\/div>\n\t\t\t\t\t\t\t<\/div>\n\t\t<\/section>\n\t\t\t\t<section class=\"elementor-section elementor-top-section elementor-element elementor-element-fccd3a2 elementor-section-boxed elementor-section-height-default elementor-section-height-default\" data-id=\"fccd3a2\" data-element_type=\"section\" data-settings=\"{&quot;background_background&quot;:&quot;classic&quot;}\">\n\t\t\t\t\t\t<div class=\"elementor-container elementor-column-gap-default\">\n\t\t\t\t\t<div class=\"elementor-column elementor-col-100 elementor-top-column elementor-element elementor-element-3976994\" data-id=\"3976994\" data-element_type=\"column\">\n\t\t\t<div class=\"elementor-widget-wrap elementor-element-populated\">\n\t\t\t\t\t\t\t\t<div class=\"elementor-element elementor-element-6e4a3ed elementor-widget elementor-widget-text-editor\" data-id=\"6e4a3ed\" data-element_type=\"widget\" data-widget_type=\"text-editor.default\">\n\t\t\t\t<div class=\"elementor-widget-container\">\n\t\t\t<style>\/*! elementor - v3.14.0 - 18-06-2023 *\/\n.elementor-widget-text-editor.elementor-drop-cap-view-stacked .elementor-drop-cap{background-color:#69727d;color:#fff}.elementor-widget-text-editor.elementor-drop-cap-view-framed .elementor-drop-cap{color:#69727d;border:3px solid;background-color:transparent}.elementor-widget-text-editor:not(.elementor-drop-cap-view-default) .elementor-drop-cap{margin-top:8px}.elementor-widget-text-editor:not(.elementor-drop-cap-view-default) .elementor-drop-cap-letter{width:1em;height:1em}.elementor-widget-text-editor .elementor-drop-cap{float:left;text-align:center;line-height:1;font-size:50px}.elementor-widget-text-editor .elementor-drop-cap-letter{display:inline-block}<\/style>\t\t\t\t<p>This website https:\/\/www.metofam.com is owned and managed by Metofam, SL (hereinafter Metofam) whose legal representative is Francisco Exp\u00f3sito Mesa and whose full details are as follows:<\/p><p>COMPANY NAME: Metofam, SL<\/p><ul><li>Registered Office: Calle Carretera de Castro, 30; C\u00f3rdoba (C\u00f3rdoba); 14009<\/li><li>E-mail: metofam@metofam.com<\/li><li>Tel\u00e9fono de contacto: +34 744 745 620<\/li><li>Horario de atenci\u00f3n: de lunes a viernes de 7:30 a 15:30 y de 17:00 a 19:00<\/li><li>Registration data: Company registered in the Mercantile Registry of Cordoba: Reference 417362, Volume 2807, Folio 51, Section 8, Page CO-42776.<\/li><li>Tax identification number: B16775199<\/li><\/ul><p>For the resolution of all disputes or questions related to this website or the activities carried out therein, Spanish law shall apply, to which the parties expressly submit themselves, and the Courts and Tribunals of C\u00f3rdoba shall be competent for the resolution of conflicts arising from or related to its use, except in the case of application of the specific regulations on the protection of consumers and users.<\/p><p>For online dispute resolution pursuant to Art.14.1 of Regulation (EU) 524\/2013: the European Commission provides an online dispute resolution platform, which is available at the following link: https:\/\/ec.europa.eu\/consumers\/odr\/.<\/p><p>Este comerciante se compromete a no permitir ninguna transacci\u00f3n que sea ilegal, o se considere por las marcas de tarjetas de cr\u00e9dito o el banco adquiriente, que pueda o tenga el potencial de da\u00f1ar la buena voluntad de los mismos o influir de manera negativa en ellos. Las siguientes actividades est\u00e1n prohibidas en virtud de los programas de las marcas de tarjetas: la venta u oferta de un producto o servicio que no sea de plena conformidad con todas las leyes aplicables al Comprador, Banco Emisor, Comerciante, Titular de la tarjeta, o tarjetas. Adem\u00e1s, las siguientes actividades tambi\u00e9n est\u00e1n prohibidas expl\u00edcitamente:<\/p><ul><li>Vender medicamentos<\/li><\/ul>\t\t\t\t\t\t<\/div>\n\t\t\t\t<\/div>\n\t\t\t\t\t<\/div>\n\t\t<\/div>\n\t\t\t\t\t\t\t<\/div>\n\t\t<\/section>\n\t\t\t\t\t\t\t<\/div>","protected":false},"excerpt":{"rendered":"<p>Aviso legal El presente sitio web https:\/\/www.metofam.com es propiedad y est\u00e1 gestionado por Metofam, SL (en adelante Metofam) cuyo representante legal es Francisco Exp\u00f3sito Mesa y cuyos datos completos son los siguientes: DENOMINACI\u00d3N SOCIAL: Metofam, SL Domicilio social: Calle Carretera de Castro, 30; C\u00f3rdoba (C\u00f3rdoba); 14009 E-mail: metofam@metofam.com Tel\u00e9fono de contacto: +34 744 745 620 &hellip;<\/p>\n<p class=\"read-more\"> <a class=\"\" href=\"https:\/\/metofam.com\/en\/aviso-legal\/\"> <span class=\"screen-reader-text\">Legal Notice<\/span> Read More &raquo;<\/a><\/p>","protected":false},"author":1,"featured_media":0,"parent":0,"menu_order":0,"comment_status":"closed","ping_status":"closed","template":"","meta":{"_uag_custom_page_level_css":"","site-sidebar-layout":"no-sidebar","site-content-layout":"page-builder","ast-global-header-display":"","ast-banner-title-visibility":"","ast-main-header-display":"","ast-hfb-above-header-display":"","ast-hfb-below-header-display":"","ast-hfb-mobile-header-display":"","site-post-title":"disabled","ast-breadcrumbs-content":"","ast-featured-img":"disabled","footer-sml-layout":"","theme-transparent-header-meta":"","adv-header-id-meta":"","stick-header-meta":"","header-above-stick-meta":"","header-main-stick-meta":"","header-below-stick-meta":"","footnotes":""},"class_list":["post-2412","page","type-page","status-publish","hentry"],"yoast_head":"<!-- This site is optimized with the Yoast SEO plugin v25.1 - https:\/\/yoast.com\/wordpress\/plugins\/seo\/ -->\n<title>Aviso legal - Laboratorios Metofam<\/title>\n<meta name=\"description\" content=\"\u00a1Descubre el poder de la salud con los paraprobi\u00f3ticos de Laboratorios Metofam, la clave del bienestar integral!\" \/>\n<meta name=\"robots\" content=\"index, follow, max-snippet:-1, max-image-preview:large, max-video-preview:-1\" \/>\n<link rel=\"canonical\" href=\"https:\/\/metofam.com\/en\/aviso-legal\/\" \/>\n<meta property=\"og:locale\" content=\"en_US\" \/>\n<meta property=\"og:type\" content=\"article\" \/>\n<meta property=\"og:title\" content=\"Aviso legal - Laboratorios Metofam\" \/>\n<meta property=\"og:description\" content=\"\u00a1Descubre el poder de la salud con los paraprobi\u00f3ticos de Laboratorios Metofam, la clave del bienestar integral!\" \/>\n<meta property=\"og:url\" content=\"https:\/\/metofam.com\/en\/aviso-legal\/\" \/>\n<meta property=\"og:site_name\" content=\"Laboratorios Metofam\" \/>\n<meta property=\"article:publisher\" content=\"https:\/\/www.facebook.com\/laboratoriosmetofam\/\" \/>\n<meta property=\"article:modified_time\" content=\"2025-11-27T12:53:58+00:00\" \/>\n<meta name=\"twitter:card\" content=\"summary_large_image\" \/>\n<meta name=\"twitter:label1\" content=\"Est. reading time\" \/>\n\t<meta name=\"twitter:data1\" content=\"2 minutes\" \/>\n<script type=\"application\/ld+json\" class=\"yoast-schema-graph\">{\"@context\":\"https:\/\/schema.org\",\"@graph\":[{\"@type\":\"WebPage\",\"@id\":\"https:\/\/metofam.com\/aviso-legal\/\",\"url\":\"https:\/\/metofam.com\/aviso-legal\/\",\"name\":\"Aviso legal - Laboratorios Metofam\",\"isPartOf\":{\"@id\":\"https:\/\/metofam.com\/#website\"},\"datePublished\":\"2023-06-30T22:05:55+00:00\",\"dateModified\":\"2025-11-27T12:53:58+00:00\",\"description\":\"\u00a1Descubre el poder de la salud con los paraprobi\u00f3ticos de Laboratorios Metofam, la clave del bienestar integral!\",\"breadcrumb\":{\"@id\":\"https:\/\/metofam.com\/aviso-legal\/#breadcrumb\"},\"inLanguage\":\"en-US\",\"potentialAction\":[{\"@type\":\"ReadAction\",\"target\":[\"https:\/\/metofam.com\/aviso-legal\/\"]}]},{\"@type\":\"BreadcrumbList\",\"@id\":\"https:\/\/metofam.com\/aviso-legal\/#breadcrumb\",\"itemListElement\":[{\"@type\":\"ListItem\",\"position\":1,\"name\":\"Portada\",\"item\":\"https:\/\/metofam.com\/\"},{\"@type\":\"ListItem\",\"position\":2,\"name\":\"Aviso legal\"}]},{\"@type\":\"WebSite\",\"@id\":\"https:\/\/metofam.com\/#website\",\"url\":\"https:\/\/metofam.com\/\",\"name\":\"Laboratorios Metofam\",\"description\":\"\",\"publisher\":{\"@id\":\"https:\/\/metofam.com\/#organization\"},\"potentialAction\":[{\"@type\":\"SearchAction\",\"target\":{\"@type\":\"EntryPoint\",\"urlTemplate\":\"https:\/\/metofam.com\/?s={search_term_string}\"},\"query-input\":{\"@type\":\"PropertyValueSpecification\",\"valueRequired\":true,\"valueName\":\"search_term_string\"}}],\"inLanguage\":\"en-US\"},{\"@type\":\"Organization\",\"@id\":\"https:\/\/metofam.com\/#organization\",\"name\":\"Laboratorios Metofam\",\"url\":\"https:\/\/metofam.com\/\",\"logo\":{\"@type\":\"ImageObject\",\"inLanguage\":\"en-US\",\"@id\":\"https:\/\/metofam.com\/#\/schema\/logo\/image\/\",\"url\":\"https:\/\/metofam.com\/wp-content\/uploads\/2023\/05\/cropped-cropped-metofam-1.png\",\"contentUrl\":\"https:\/\/metofam.com\/wp-content\/uploads\/2023\/05\/cropped-cropped-metofam-1.png\",\"width\":384,\"height\":142,\"caption\":\"Laboratorios Metofam\"},\"image\":{\"@id\":\"https:\/\/metofam.com\/#\/schema\/logo\/image\/\"},\"sameAs\":[\"https:\/\/www.facebook.com\/laboratoriosmetofam\/\",\"https:\/\/www.instagram.com\/laboratoriosmetofam\/\"]}]}<\/script>\n<!-- \/ Yoast SEO plugin. -->","yoast_head_json":{"title":"Aviso legal - Laboratorios Metofam","description":"\u00a1Descubre el poder de la salud con los paraprobi\u00f3ticos de Laboratorios Metofam, la clave del bienestar integral!","robots":{"index":"index","follow":"follow","max-snippet":"max-snippet:-1","max-image-preview":"max-image-preview:large","max-video-preview":"max-video-preview:-1"},"canonical":"https:\/\/metofam.com\/en\/aviso-legal\/","og_locale":"en_US","og_type":"article","og_title":"Aviso legal - Laboratorios Metofam","og_description":"\u00a1Descubre el poder de la salud con los paraprobi\u00f3ticos de Laboratorios Metofam, la clave del bienestar integral!","og_url":"https:\/\/metofam.com\/en\/aviso-legal\/","og_site_name":"Laboratorios Metofam","article_publisher":"https:\/\/www.facebook.com\/laboratoriosmetofam\/","article_modified_time":"2025-11-27T12:53:58+00:00","twitter_card":"summary_large_image","twitter_misc":{"Est. reading time":"2 minutes"},"schema":{"@context":"https:\/\/schema.org","@graph":[{"@type":"WebPage","@id":"https:\/\/metofam.com\/aviso-legal\/","url":"https:\/\/metofam.com\/aviso-legal\/","name":"Aviso legal - Laboratorios Metofam","isPartOf":{"@id":"https:\/\/metofam.com\/#website"},"datePublished":"2023-06-30T22:05:55+00:00","dateModified":"2025-11-27T12:53:58+00:00","description":"\u00a1Descubre el poder de la salud con los paraprobi\u00f3ticos de Laboratorios Metofam, la clave del bienestar integral!","breadcrumb":{"@id":"https:\/\/metofam.com\/aviso-legal\/#breadcrumb"},"inLanguage":"en-US","potentialAction":[{"@type":"ReadAction","target":["https:\/\/metofam.com\/aviso-legal\/"]}]},{"@type":"BreadcrumbList","@id":"https:\/\/metofam.com\/aviso-legal\/#breadcrumb","itemListElement":[{"@type":"ListItem","position":1,"name":"Portada","item":"https:\/\/metofam.com\/"},{"@type":"ListItem","position":2,"name":"Aviso legal"}]},{"@type":"WebSite","@id":"https:\/\/metofam.com\/#website","url":"https:\/\/metofam.com\/","name":"Laboratorios Metofam","description":"","publisher":{"@id":"https:\/\/metofam.com\/#organization"},"potentialAction":[{"@type":"SearchAction","target":{"@type":"EntryPoint","urlTemplate":"https:\/\/metofam.com\/?s={search_term_string}"},"query-input":{"@type":"PropertyValueSpecification","valueRequired":true,"valueName":"search_term_string"}}],"inLanguage":"en-US"},{"@type":"Organization","@id":"https:\/\/metofam.com\/#organization","name":"Laboratorios Metofam","url":"https:\/\/metofam.com\/","logo":{"@type":"ImageObject","inLanguage":"en-US","@id":"https:\/\/metofam.com\/#\/schema\/logo\/image\/","url":"https:\/\/metofam.com\/wp-content\/uploads\/2023\/05\/cropped-cropped-metofam-1.png","contentUrl":"https:\/\/metofam.com\/wp-content\/uploads\/2023\/05\/cropped-cropped-metofam-1.png","width":384,"height":142,"caption":"Laboratorios Metofam"},"image":{"@id":"https:\/\/metofam.com\/#\/schema\/logo\/image\/"},"sameAs":["https:\/\/www.facebook.com\/laboratoriosmetofam\/","https:\/\/www.instagram.com\/laboratoriosmetofam\/"]}]}},"uagb_featured_image_src":{"full":false,"thumbnail":false,"medium":false,"medium_large":false,"large":false,"1536x1536":false,"2048x2048":false,"trp-custom-language-flag":false,"woocommerce_thumbnail":false,"woocommerce_single":false,"woocommerce_gallery_thumbnail":false},"uagb_author_info":{"display_name":"commerceOnline","author_link":"https:\/\/metofam.com\/en\/author\/commerceonline\/"},"uagb_comment_info":0,"uagb_excerpt":"Aviso legal El presente sitio web https:\/\/www.metofam.com es propiedad y est\u00e1 gestionado por Metofam, SL (en adelante Metofam) cuyo representante legal es Francisco Exp\u00f3sito Mesa y cuyos datos completos son los siguientes: DENOMINACI\u00d3N SOCIAL: Metofam, SL Domicilio social: Calle Carretera de Castro, 30; C\u00f3rdoba (C\u00f3rdoba); 14009 E-mail: metofam@metofam.com Tel\u00e9fono de contacto: +34 744 745 620&hellip;","_links":{"self":[{"href":"https:\/\/metofam.com\/en\/wp-json\/wp\/v2\/pages\/2412","targetHints":{"allow":["GET"]}}],"collection":[{"href":"https:\/\/metofam.com\/en\/wp-json\/wp\/v2\/pages"}],"about":[{"href":"https:\/\/metofam.com\/en\/wp-json\/wp\/v2\/types\/page"}],"author":[{"embeddable":true,"href":"https:\/\/metofam.com\/en\/wp-json\/wp\/v2\/users\/1"}],"replies":[{"embeddable":true,"href":"https:\/\/metofam.com\/en\/wp-json\/wp\/v2\/comments?post=2412"}],"version-history":[{"count":27,"href":"https:\/\/metofam.com\/en\/wp-json\/wp\/v2\/pages\/2412\/revisions"}],"predecessor-version":[{"id":7509,"href":"https:\/\/metofam.com\/en\/wp-json\/wp\/v2\/pages\/2412\/revisions\/7509"}],"wp:attachment":[{"href":"https:\/\/metofam.com\/en\/wp-json\/wp\/v2\/media?parent=2412"}],"curies":[{"name":"wp","href":"https:\/\/api.w.org\/{rel}","templated":true}]}}